{"id":9,"date":"2013-09-10T21:17:38","date_gmt":"2013-09-10T19:17:38","guid":{"rendered":"http:\/\/gsk-solidarnosc.pl\/?page_id=9"},"modified":"2013-09-26T19:38:17","modified_gmt":"2013-09-26T17:38:17","slug":"historia","status":"publish","type":"page","link":"https:\/\/solidarnosc-delpharm.pl\/?page_id=9","title":{"rendered":"Historia"},"content":{"rendered":"<h1 style=\"text-align: center;\" align=\"center\"><b>Wspomnienie o dzia\u0142alno\u015bci NSSZ <i>SOLIDARNO\u015a\u0106\u00a0<\/i><\/b><b>w\u00a0<\/b><b>PZF \u201ePOLFA\u201d <\/b><\/h1>\n<h1 style=\"text-align: center;\" align=\"center\"><b>w latach 1980-1989<\/b><\/h1>\n<p style=\"text-align: justify;\">Gdy powia\u0142 wiatr wolno\u015bci od morza, to znaczy z Gda\u0144ska , r\u00f3wnie\u017c w Poznaniu zacz\u0119\u0142o si\u0119 co\u015b dzia\u0107. W du\u017cych zak\u0142adach pracy rozpocz\u0119\u0142y si\u0119 dyskusje. Powoli zacz\u0119to u\u015bwiadamia\u0107 sobie, \u017ce nie musi dalej tak by\u0107, \u017ce pracownik mo\u017ce by\u0107 podmiotem, mo\u017ce mie\u0107 swoje racje. Na fali rozm\u00f3w i dyskusji maj\u0105cych miejsce w Pozna\u0144skich Zak\u0142adach Farmaceutycznych \u201ePolfa\u201d, a g\u0142\u00f3wnie w Dziale Kontroli Jako\u015bci w pracowni bada\u0144 stabilno\u015bci, kt\u00f3rej szefowa\u0142a Jolanta Matuszek\u00a0 i to ona by\u0142a g\u0142\u00f3wnym inicjatorem pierwszych dzia\u0142a\u0144, aby w naszym zak\u0142adzie powsta\u0142 niezale\u017cny zwi\u0105zek. Jola przynosi\u0142a \u201emateria\u0142y\u201d, z kt\u00f3rych dowiadywali\u015bmy si\u0119 co dzieje si\u0119 w stoczni w Gda\u0144sku. O wszystkich dzia\u0142aniach i spotkaniach wiedzia\u0142 \u00f3wczesny kierownik Dzia\u0142u Kontroli Jako\u015bci \u2013 Pani Lubomi\u0142a Falkowska, kt\u00f3ra \u201ekibicowa\u0142a\u201d tym dzia\u0142aniom. (Lubomi\u0142a Falkowska nie nale\u017ca\u0142a do PZPR co na tamte czasy nie by\u0142o popularne). Po pewnym czasie (\u00f3wczesny 1 sekretarz partii Pani Wladys\u0142awa Sier\u017cant zacz\u0119\u0142a przepytywa\u0107 pracownik\u00f3w Dzia\u0142u Kontroli Jako\u015bci nale\u017c\u0105cych do partii co w tym dziale si\u0119 dzieje, jakie spotkania si\u0119 odbywaj\u0105 i po co) dlatego nast\u0119pne spotkania zacz\u0119\u0142y odbywa\u0107 si\u0119 w bibliotece Dzia\u0142u Informacji Technicznej i Wynalazczo\u015bci<i>,<\/i> kt\u00f3r\u0105 niech\u0119tni zmianom nazywali \u201ecentrum reakcji\u201d W pewnym momencie zrodzi\u0142 si\u0119 pomys\u0142 spotkania konspiracyjnego w niewielkim gronie w prywatnym mieszkaniu przy ulicy Promienistej.(w mieszkaniu Pani Barbary Prus \u2013 pracownicy Dzia\u0142u Kontroli Jako\u015bci). Spotka\u0142y si\u0119 osoby, o kt\u00f3rych wiadomo by\u0142o, \u017ce na etapie dyskursu politycznego reprezentuj\u0105 odmienne pogl\u0105dy od powszechnie obowi\u0105zuj\u0105cych. Starano si\u0119 nakre\u015bli\u0107 pewien plan dzia\u0142ania wzoruj\u0105c si\u0119 oczywi\u015bcie na inicjatywach podj\u0119tych ju\u017c np. w innych zak\u0142adach chocia\u017cby Cegielskiego.. To spotkanie zako\u0144czy\u0142o si\u0119 wsp\u00f3lnym podpisaniem deklaracji i postanowieniem, \u017ce trzeba powo\u0142a\u0107 Tymczasowy Komitet Za\u0142o\u017cycielski NSZZ \u201eSolidarno\u015b\u0107\u201d (TKZ). W spotkaniu uczestniczy\u0142o \u2013 10 os\u00f3b.<\/p>\n<p>Jolanta Matuszek,<\/p>\n<p>Janusz\u00a0 \u00a0(Jan)\u00a0 P\u0142otkowiak ,<\/p>\n<p>Maria Go\u0142\u0105b,<\/p>\n<p>Bogumi\u0142a Szcze\u015bniewska,<\/p>\n<p>Hanna Wieczorek,<\/p>\n<p>Edward Niewiadomski ,<\/p>\n<p>Witold Liskowiak,<\/p>\n<p>Bogdan Zimmer \u2013 nie podpisa\u0142 deklaracji, wycofa\u0142 si\u0119,<\/p>\n<p>Lucyna Czajka<\/p>\n<p>W\u0142adys\u0142aw Kujawa<\/p>\n<p style=\"text-align: justify;\">Cz\u0142onkowie Komitetu opracowali odezw\u0119 do pracownik\u00f3w, kt\u00f3r\u0105 nast\u0119pnego dnia wywieszono na terenie Zak\u0142adu. Zawiera\u0142a ona nazwiska autor\u00f3w odezwy oraz informacje o tworzeniu zwi\u0105zku zawodowego SOLIDARNO\u015a\u0106 pod\u00a0przewodnictwem Lecha Wa\u0142\u0119sy ,o celach Zwi\u0105zku, w tym, realizacji 21 punkt\u00f3w porozumienia sierpniowego. I tak w Pozna\u0144skich Zak\u0142adach Farmaceutycznych \u201ePolfa\u201d postanowiono zapyta\u0107 pracownik\u00f3w co chcieliby zmieni\u0107. Na parterze w budynku administracyjnym ustawiono skrzynk\u0119 , do kt\u00f3rej mo\u017cna by\u0142o wrzuca\u0107 swoje postulaty. Po kilku dniach zorganizowano spotkanie przedstawicieli dzia\u0142\u00f3w reprezentuj\u0105cych wszystkich pracownik\u00f3w zak\u0142adu i zaproszono dyrekcj\u0119. Okaza\u0142o si\u0119, \u017ce najwa\u017cniejszym postulatem by\u0142a zmiana dyrektora naczelnego Rajmunda Go\u017adzierskiego, \u00a0kt\u00f3ry wywo\u0142ywa\u0142 najwi\u0119ksze negatywne emocje. Zarzuty jakie stawiano dyrektorowi to przede wszystkim despotyzm i autorytaryzm, a tak\u017ce brak szacunku do cz\u0142owieka. By\u0142a to sytuacja niezwykle trudna dla obu stron. Ze strony pracowniczej, dlatego \u017ce stawiali\u015bmy zarzuty komu\u015b \u00a0kto uosabia\u0142 w\u0142adz\u0119 absolutn\u0105. Dla tej\u017ce w\u0142adzy upokorzenie, \u017ce musi t\u0142umaczy\u0107 si\u0119 licz\u0105c pewnie, \u017ce t\u0119 w\u0142adz\u0119 utrzyma. Okaza\u0142o si\u0119 \u00a0\u017ce PZPR straci\u0142a na tyle wp\u0142ywy, \u017ce przesta\u0142a chroni\u0107 swych wiernych cz\u0142onk\u00f3w i dyrektor, kt\u00f3ry wzbudza\u0142 strach przesta\u0142 pe\u0142ni\u0107 stanowisko dyrektora, usuni\u0119ty zosta\u0142 tak\u017ce z partii . To zdarzenie spowodowa\u0142o,\u00a0 \u017ce wi\u0119kszo\u015b\u0107 pracownik\u00f3w poczu\u0142o smak wolno\u015bci i demokracji, ale nie w sensie destrukcyjnym, a \u017cadna Rada Robotnicza, Zak\u0142adowa do tej pory nie dawa\u0142a tego czego oczekiwano, mianowicie \u017ce ka\u017cdy\u00a0robotnik \u00a0 \u00a0i tzw. pracownik umys\u0142owy staje si\u0119 podmiotem dyskusji, ma autentyczny wp\u0142yw na to co si\u0119 dzieje w jego zak\u0142adzie pracy.<\/p>\n<p style=\"text-align: justify;\">W PZF \u201ePolfa\u201d zacz\u0119\u0142a si\u0119 seria spotka\u0144 z lud\u017ami znanymi tylko z wydawnictw podziemnych np. ze Zbigniewem \u00a0Bujakiem i Januszem Pa\u0142ubickim. To oni u\u015bwiadamiali wszystkim \u00a0co dzieje si\u0119 w Gda\u0144sku, ideach do kt\u00f3rych mo\u017cna d\u0105\u017cy\u0107 w wolnym kraju.<\/p>\n<p style=\"text-align: justify;\"><a href=\"http:\/\/gsk-solidarnosc.pl\/wp-content\/uploads\/2013\/09\/Jaros\u0142aw-Lange-Janusz-Pa\u0142ubicki.jpg\"><img loading=\"lazy\" decoding=\"async\" class=\"alignnone size-medium wp-image-198\" alt=\"Jaros\u0142aw Lange ,Janusz Pa\u0142ubicki\" src=\"http:\/\/gsk-solidarnosc.pl\/wp-content\/uploads\/2013\/09\/Jaros\u0142aw-Lange-Janusz-Pa\u0142ubicki-300x225.jpg\" width=\"300\" height=\"225\" srcset=\"https:\/\/solidarnosc-delpharm.pl\/wp-content\/uploads\/2013\/09\/Jaros\u0142aw-Lange-Janusz-Pa\u0142ubicki-300x225.jpg 300w, https:\/\/solidarnosc-delpharm.pl\/wp-content\/uploads\/2013\/09\/Jaros\u0142aw-Lange-Janusz-Pa\u0142ubicki-400x300.jpg 400w, https:\/\/solidarnosc-delpharm.pl\/wp-content\/uploads\/2013\/09\/Jaros\u0142aw-Lange-Janusz-Pa\u0142ubicki.jpg 1024w\" sizes=\"auto, (max-width: 300px) 100vw, 300px\" \/><\/a><\/p>\n<p style=\"text-align: justify;\">W Bibliotece(pod \u201eopiek\u0105\u201d Pani Marii Go\u0142\u0105b) utworzono wydzielony ksi\u0119gozbi\u00f3r z\u0142o\u017cony z literatury ukazuj\u0105cej si\u0119 w podziemiu. By\u0142a to nie tylko literatura polityczna. Znajdowa\u0142y si\u0119 tam utwory Czes\u0142awa Mi\u0142osza, p\u00f3\u017aniejszego,\u00a0 laureata Nagrody Nobla, Kultura Paryska i wiele innych, kt\u00f3rych nie spos\u00f3b tu wymieni\u0107. Toczy\u0142a si\u0119 dyskusja jakie oblicze ma mie\u0107 Niezale\u017cny Samorz\u0105dny Zwi\u0105zek \u201eSolidarno\u015b\u0107\u201d, kto mo\u017ce zosta\u0107 cz\u0142onkiem zwi\u0105zku, czy r\u00f3wnie\u017c cz\u0142onkowie PZPR mog\u0105 wst\u0119powa\u0107 w szeregi zwi\u0105zkowe. Naczeln\u0105 zasad\u0105 sta\u0142y si\u0119 idee demokratyczne, np. \u017ce wi\u0119kszo\u015b\u0107 mia\u0142a wp\u0142yw na podejmowane decyzje. \u00a0O podj\u0119ciu strajku tak\u017ce decydowa\u0142a wi\u0119kszo\u015b\u0107, a nie w\u0105skie grono kierownicze.<\/p>\n<p style=\"text-align: justify;\">W ci\u0105gu kilku dni utworzy\u0142 si\u0119 w Zak\u0142adzie Tymczasowy Komitet Za\u0142o\u017cycielski (TKZ) w sk\u0142ad, kt\u00f3rego wchodzi\u0142o 12 os\u00f3b. Starano si\u0119 aby ka\u017cdy Dzia\u0142\/Wydzia\u0142 mia\u0142 swojego przedstawiciela.<\/p>\n<p>Osoby, kt\u00f3re wchodzi\u0142y w sk\u0142ad TKZ:<\/p>\n<p>Hanna Wieczorek,<\/p>\n<p>Bo\u017cena Zalewska,<\/p>\n<p>Jadwiga Kalkstein,<\/p>\n<p>Pani Kaczmarek<\/p>\n<p>Bogumi\u0142a Szcze\u015bniewska,<\/p>\n<p>Jacek Zwiernik,<\/p>\n<p>Witold Liskowiak,<\/p>\n<p>Pan \u00a0P\u0142onka (warsztaty)<\/p>\n<p>Edward Niewiadomski &#8211; przewodnicz\u0105cy,<\/p>\n<p>Lucyna Czajka,<\/p>\n<p>W\u0142adys\u0142aw Kujawa<\/p>\n<p>Tadeusz \u015al\u0119zak<\/p>\n<p>Na pocz\u0105tku grudnia 1980 roku wybrano Komisj\u0119 Zak\u0142adow\u0105 ,w jej sk\u0142ad weszli:<\/p>\n<p>Tadeusz \u015al\u0119zak-przewodnicz\u0105cy<\/p>\n<p>Jadwiga Kalkstein -vice przewodnicz\u0105ca<\/p>\n<p>Jacek Zwiernik \u2013vice przewodnicz\u0105cy<\/p>\n<p>Hanna Wieczorek-sekretarz<\/p>\n<p>Zofia Salbert -przewodnicz\u0105ca Ko\u0142a Oddzia\u0142u Suchych Form<\/p>\n<p>Bogumi\u0142a Szcze\u015bniewska -przewodnicz\u0105ca Ko\u0142a w Laboratorium Badawczym<\/p>\n<p>Katarzyna Sloderbach -przewodnicz\u0105ca Kola w w Dziale Informacji\u00a0 Technicznej i Wynalazczo\u015bci.<\/p>\n<p>Jan \u0141abiak -przewodnicz\u0105cy Kola Warsztat\u00f3w<\/p>\n<p>W\u0142adys\u0142aw Kujawa-przewodnicz\u0105cy Ko\u0142a w Dziale Utrzymania Ruchu<\/p>\n<p>Jolanta Matuszak-przewodnicz\u0105ca Ko\u0142a w KJ \u2013 nie wesz\u0142a w sk\u0142ad Komisji Zak\u0142adowej<\/p>\n<p>Lucyna Czajka- przewodnicz\u0105ca Ko\u0142a w KJ<\/p>\n<p>Witold Liskowiak-przewodnicz\u0105cy Ko\u0142a w Dziale Transportu<\/p>\n<p>Edward Niewiadomski-Dzia\u0142 Administracji(?)<\/p>\n<p>Urszula Czarnecka-przewodnicz\u0105ca\u00a0 Ko\u0142a na Oddziale Aerozoli<\/p>\n<p>Pracownikiem biurowym Komisji Zak\u0142adowej zosta\u0142a Pani Iwona Bia\u0142as.<\/p>\n<p style=\"text-align: justify;\">Komisja Zak\u0142adowa podczas swojego dzia\u0142ania (do 13 grudnia 1981 roku)zajmowa\u0142a si\u0119 sprawami, kt\u00f3re wymaga\u0142y stanowiska Zwi\u0105zku \u2013 takich jak: statutu, sprawa wolnych sob\u00f3t, stanowisko wobec tzw. sprawy bydgoskiej oraz bie\u017c\u0105cych problem\u00f3w Zwi\u0105zku w przedsi\u0119biorstwie np. ustalenie zasad przyznawania zasi\u0142k\u00f3w, udzia\u0142 w komisjach i porozumieniach bran\u017cowych, tworzenie samorz\u0105du pracowniczego z nieod\u017ca\u0142owan\u0105 pomoc\u0105 Tadeusza Bartza, rozwi\u0105zywanie bie\u017c\u0105cych problem\u00f3w i konflikt\u00f3w w poszczeg\u00f3lnych dzia\u0142ach przedsi\u0119biorstwa.<\/p>\n<p style=\"text-align: justify;\">Delegatem na\u00a0 I Zjazd\u00a0 Krajowy NSZ Solidarno\u015b\u0107 z\u00a0 regionu Wielkopolska zosta\u0142\u00a0\u00a0 wybrany Janusz\u00a0 P\u0142otkowiak. Na Krajowym\u00a0 Zje\u017adzie\u00a0 Janusz\u00a0P\u0142otkowiak\u00a0 by\u0142 zg\u0142oszony\u00a0 jako kandydat\u00a0 na\u00a0 cz\u0142onka\u00a0 Krajowej Komisji Rewizyjnej.<\/p>\n<p>Janusz P\u0142otkowiak pe\u0142ni\u0142 w Regionie funkcje Cz\u0142onka Komisji Rewizyjnej.<\/p>\n<p style=\"text-align: justify;\">Niestety 13 grudnia 1981 roku wielkie nadzieje na wolno\u015b\u0107 zosta\u0142y zduszone. Og\u0142oszono stan wojenny. W PZF \u201dPolfa\u201d pojawi\u0142 si\u0119 komisarz wojskowy, kt\u00f3ry przedstawi\u0142 si\u0119 jak na ironi\u0119 :Andrzej Wajda.<\/p>\n<p>Zabrano do SB wszystkie dokumenty Zwi\u0105zku, nie odzyskano ich zreszt\u0105 do dzi\u015b, stad niniejsze opracowanie polega tylko na pami\u0119ci opracowuj\u0105cych. Zabrano te\u017c z biblioteki ksi\u0119gozbi\u00f3r literatury podziemnej.<\/p>\n<p style=\"text-align: justify;\">Trudne by\u0142o dzia\u0142anie w zniszczonych strukturach, cz\u0119\u015b\u0107 naszych dzia\u0142aczy w og\u00f3le wy\u0142\u0105czy\u0142a si\u0119 z jakichkolwiek dzia\u0142a\u0144. Swobodne przemieszczanie si\u0119 w Zak\u0142adzie os\u00f3b zwi\u0105zanych ze zwi\u0105zkiem by\u0142o powa\u017cnie utrudnione. Jednak pomimo to docierano do za\u0142ogi z prawdziw\u0105 informacj\u0105, pomogli nam ludzie dotychczas lu\u017ano zwi\u0105zani ze zwi\u0105zkiem tacy jak \u015a.P. Benigna Pawlak-w kt\u00f3rej mieszkaniu odbywa\u0142y si\u0119 podziemne zebrania ,kt\u00f3ra dzia\u0142a\u0142a \u00a0r\u00f3wnie\u017c w strukturach regionalnych.<\/p>\n<p>Jako przyk\u0142ad stosowania represji niewsp\u00f3\u0142miernych do pope\u0142nianych czyn\u00f3w podajemy poni\u017csze zdarzenie.<\/p>\n<p style=\"text-align: justify;\">W dniu 15 grudnia 1981 r. tj. w pierwszych dniach stanu wojennego ustalono, \u017ce nale\u017cy w jaki\u015b spos\u00f3b uczci\u0107 rocznic\u0119 (16 grudnia) strajku na Wybrze\u017cu w roku 1970. Propozycje by\u0142y r\u00f3\u017cne, ale przyj\u0119to, \u017ce w tym dniu nale\u017cy rano zapali\u0107\u00a0 \u015bwieczk\u0119 pod masztem. Wytypowano kilka os\u00f3b z Solidarno\u015bci, mi\u0119dzy innymi Janusza\u00a0 P\u0142otkowiaka.. Dzie\u0144 wcze\u015bniej, w domu &#8211; jak opowiada J. P\u0142otkowiak &#8211; przygotowa\u0142 \u015bwieczki i zapa\u0142ki, aby nazajutrz wykona\u0107 zadanie. W dniu 16 grudnia oko\u0142o\u00a0 godziny 7-mej stan\u0105\u0142em w kolejce kupuj\u0105cych w kiosku codzienn\u0105 pras\u0119. Tutaj wyci\u0105gn\u0105\u0142 \u015bwieczk\u0119 i j\u0105 zapali\u0142, a nast\u0119pnie zapalon\u0105 \u015bwieczk\u0119 postawi\u0142 przy\u00a0 maszcie, kt\u00f3ry znajdowa\u0142 si\u0119 w pobli\u017cu kiosku. Po wykonaniu zadania\u00a0 poszed\u0142 na swoje stanowisko pracy. Po godzinie\u00a0\u00a0 zosta\u0142 wezwany\u00a0 do dyrektora\u00a0 zak\u0142adu na tzw.<i> dywanik<\/i>, gdzie zosta\u0142 u\u015bwiadomiony, \u017ce jego dzia\u0142anie\u00a0 jest szkodliwe\u00a0 dla\u00a0 zak\u0142adu. O ile nam wiadomo, o tej sprawie doni\u00f3s\u0142 dyrektorowi\u00a0 m\u0142ody zetemesowiec, kt\u00f3ry sta\u0142 w kolejce\u00a0 do kiosku i wszystko widzia\u0142. Po czasie okaza\u0142o si\u0119, \u017ce \u015bwieczk\u0119\u00a0 zapali\u0142a tylko jedna osoba tj. J. P\u0142otkowiak, kt\u00f3ry nic nie wiedzia\u0142 o odwo\u0142aniu tej akcji. J. P\u0142otkowiak\u00a0 po powrocie\u00a0 do domu otrzyma\u0142 wezwanie do stawienia si\u0119 do UB na ul. Kochanowskiego. Przes\u0142uchanie trwa\u0142o siedem godzin, tj. od godz. 16 \u2013 23. Pytano go g\u0142\u00f3wnie o to,\u00a0 czy akcj\u0119 zorganizowa\u0142a wi\u0119ksza grupa czy te\u017c by\u0142 sam. Przyj\u0105\u0142\u00a0 taktyk\u0119, \u017ce wszystko\u00a0 robi\u0142 sam i nie kontaktowa\u0142 si\u0119 z nikim w tej sprawie. Na zako\u0144czenie otrzyma\u0142 przepustk\u0119, aby m\u00f3g\u0142 swobodnie wr\u00f3ci\u0107 do\u00a0domu, mimo obowi\u0105zuj\u0105cej ju\u017c godziny policyjnej. Po kilkunastu dniach by\u0142 ponownie przes\u0142uchiwany.<\/p>\n<p>\u00a0Przes\u0142uchiwani byli r\u00f3wnie\u017c: E. Niewiadomski i Tadeusz \u015al\u0119zak.<\/p>\n<p style=\"text-align: justify;\">W podziemnych strukturach Solidarno\u015bci Wielkopolskiej dzia\u0142a\u0142\u00a0\u00a0 r\u00f3wnie\u017c\u00a0 Pan Janusz\u00a0 P\u0142otkowiak. Mia\u0142 osobisty kontakt z Januszem Pa\u0142ubickim, kt\u00f3ry\u00a0 poleci\u0142 mu, jako\u00a0 cz\u0142onkowi\u00a0 Regionalnej\u00a0 Komisji Rewizyjnej, przeprowadzi\u0107 kontrol\u0119\u00a0 finansow\u0105 zwi\u0105zku. Jej wyniki\u00a0 zosta\u0142y og\u0142oszone w prasie podziemnej, bez nazwisk kontroluj\u0105cych.<\/p>\n<p style=\"text-align: justify;\">W mieszkaniu\u00a0 P\u0142otkowiak\u00f3w\u00a0 by\u0142\u00a0 punkt\u00a0 kontaktowy dla prasy podziemnej i \u017cywno\u015bci dla\u00a0 internowanych oraz ich rodzin. Tutaj nast\u0105pi\u0142o te\u017c spotkanie\u00a0 Janusza\u00a0 Pa\u0142ubickiego\u00a0 z\u00a0 Tadeuszem \u015al\u0119zakiem, na kt\u00f3rym omawiano spraw\u0119 organizacji i dzia\u0142alno\u015bci struktur zwi\u0105zkowych\u00a0 w zak\u0142adzie POLFA. Tu tak\u017ce odbywa\u0142y si\u0119 tajne spotkania zwi\u0105zkowc\u00f3w z Akademii Medycznej w liczbie oko\u0142o 6\u20138 os\u00f3b. Mi\u0119dzy innymi opracowano list\u00a0 w sprawie Janusza Pa\u0142ubickiego do\u00a0 radia \u201eWolna Europa\u201d. Dwukrotnie\u00a0 dom ten nawiedzi\u0142a milicja. Pierwsza wizyta odby\u0142a si\u0119 po po\u0142udniu i\u00a0 by\u0142y to rozmowy\u00a0 o stanie wojennym, o tocz\u0105cych si\u0119 wydarzeniach w kopalni Wujek, ale w\u0142a\u015bciwie nie wiadomo o co chodzi\u0142o. Drugi raz milicja zapuka\u0142a o godz. 5-tej rano; jako pretekst wizyty podano w\u0142amanie do samochodu, kt\u00f3ry by\u0142 kilkakrotnie niszczony, np. wybicie szyby, pogi\u0119cie dachu, uszkodzenie radia.<\/p>\n<p style=\"text-align: justify;\">10 listopada 1982 roku mia\u0142 we wszystkich zak\u0142adach pracy w Polsce by\u0107 og\u0142oszony strajk generalny. W\u0142adza aby zminimalizowa\u0107 zasi\u0119g tego strajku wpad\u0142a na \u201eszata\u0144ski\u201d pomys\u0142 i ludzi mog\u0105cych organizowa\u0107 ten strajk w zak\u0142adach ..skierowa\u0142a do s\u0142u\u017cby w \u2026jednostkach wojskowych, aby nie dra\u017cni\u0107 spo\u0142ecze\u0144stwa znowu internowaniami. Do takich jednostek na 3 miesi\u0105ce trafili: Tadeusz \u015al\u0119zak (Rawicz) i Witold Liskowiak(Brzeg).<\/p>\n<p>Nasi pracownicy udzielali si\u0119 tez na innych polach.<\/p>\n<p style=\"text-align: justify;\">Trzeba wspomnie\u0107 o kilku pracownikach z Laboratorium Badawczego oraz Laboratorium Kontroli\u00a0 Jako\u015bci kt\u00f3rzy zbierali trwa\u0142e produkty \u017cywno\u015bciowe z przeznaczeniem dla os\u00f3b internowanych i strajkuj\u0105cych student\u00f3w uniwersytetu. By\u0142o to niezmiernie trudne i wymaga\u0142o wielu wyrzecze\u0144, bowiem pami\u0119ta\u0107\u00a0 nale\u017cy, \u017ce\u00a0\u00a0\u00a0 \u017cywno\u015b\u0107 by\u0142a na kartki. Zebran\u0105\u00a0 \u017cywno\u015b\u0107\u00a0 Pani\u00a0 Stefania Perz\u00a0 osobi\u015bcie\u00a0\u00a0 odnosi\u0142a do punktu\u00a0 kontaktowego\u00a0 oraz\u00a0 bezpo\u015brednio\u00a0 do\u00a0 strajkuj\u0105cych student\u00f3w w Collegium\u00a0 Minus\u00a0 w Poznaniu.<\/p>\n<p style=\"text-align: justify;\">W roku 1983 na pro\u015bb\u0119 O. Czes\u0142awa Bia\u0142ka ( pozna\u0144skiego jezuity\u00a0 zaanga\u017cowanego w pomoc misyjn\u0105 i wi\u0119\u017aniom politycznym) Pani Stefania Perz \u00a0nawi\u0105za\u0142a z Ojcem Bia\u0142kiem bezpo\u015bredni kontakt odno\u015bnie pomocy fachowej \u2013 farmaceutycznej\u00a0 celem uporz\u0105dkowania dar\u00f3w-lek\u00f3w i zorganizowania ich\u00a0 rozdawnictwa. W dzia\u0142alno\u015b\u0107\u00a0 t\u0105\u00a0 w pocz\u0105tkowym okresie na\u00a0 kr\u00f3tko w\u0142\u0105czy\u0142 si\u0119\u00a0Bogumi\u0142 Glinka , a nast\u0119pnie\u00a0 Wanda Roman, Helena Stawi\u0144ska , R\u00f3\u017ca Krysztofiak oraz Ma\u0142gosia (?)\u2026\u2026\u2026., kt\u00f3re przez wiele nast\u0119pnych lat bardzo ofiarnie porz\u0105dkowa\u0142y, sortowa\u0142y\u00a0 dary-leki\u00a0 i zajmowa\u0142y\u00a0 si\u0119\u00a0 ich\u00a0 rozdawnictwem\u00a0 w\u015br\u00f3d spo\u0142eczno\u015bci\u00a0 pozna\u0144skiej\u00a0 oraz\u00a0 dla szpitali. W\u00a0 ustalonych\u00a0 dniach\u00a0 rozdawnictwa\u00a0 dar\u00f3w \u2013 lek\u00f3w\u00a0 przy klasztorze\u00a0\u00a0 OO. Jezuit\u00f3w\u00a0 oczekiwa\u0142o\u00a0 kilkadziesi\u0105t\u00a0 a\u00a0 niekiedy\u00a0 kilkaset\u00a0 potrzebuj\u0105cych\u00a0 os\u00f3b\u00a0 i\u00a0 praca\u00a0 trwa\u0142a\u00a0 do\u00a0 p\u00f3\u017anych godzin\u00a0 wieczornych\u00a0 w\u00a0 kt\u00f3rej\u00a0 te\u017c\u00a0 pomagali\u00a0 farmaceuci\u00a0 i\u00a0 lekarze pozna\u0144scy.<\/p>\n<p style=\"text-align: justify;\">Nie jest mo\u017cliwe w tym wspomnieniu zawarcie wszystkich fakt\u00f3w, przypomnienie cz\u0119sto bohaterskich czyn\u00f3w wielu os\u00f3b, ze wzgl\u0119du na ulotno\u015b\u0107 pami\u0119ci, o kt\u00f3rej przekonali si\u0119 wsp\u00f3\u0142tworz\u0105cy to wspomnienie, a tak\u017ce ze wzgl\u0119du na niemo\u017cno\u015b\u0107 kontaktu ze wszystkimi ,kt\u00f3rzy swoja postaw\u0105 i zaanga\u017cowaniem odcisn\u0119li si\u0119 trwale w tworzeniu Zwi\u0105zku Solidarno\u015b\u0107 w PZF Polfa i w dzia\u0142alno\u015b\u0107 podziemn\u0105.<\/p>\n<p>Opracowali:<\/p>\n<p>Lucyna Czajka<\/p>\n<p>Maria Go\u0142\u0105b<\/p>\n<p>Janusz P\u0142otkowiak<\/p>\n<p>Stefania Perz<\/p>\n<p>Tadeusz \u015al\u0119zak<\/p>\n<p>&nbsp;<\/p>\n<p>Pozna\u0144, dn.23.02.2010<\/p>\n<p>&nbsp;<\/p>\n<p>&nbsp;<\/p>\n<p>&nbsp;<\/p>\n","protected":false},"excerpt":{"rendered":"<p>Wspomnienie o dzia\u0142alno\u015bci NSSZ SOLIDARNO\u015a\u0106\u00a0w\u00a0PZF \u201ePOLFA\u201d w latach 1980-1989 Gdy powia\u0142 wiatr wolno\u015bci od morza, to znaczy z Gda\u0144ska , r\u00f3wnie\u017c w Poznaniu zacz\u0119\u0142o si\u0119 co\u015b dzia\u0107. W du\u017cych zak\u0142adach pracy rozpocz\u0119\u0142y si\u0119 dyskusje. Powoli zacz\u0119to u\u015bwiadamia\u0107 sobie, \u017ce nie &hellip; <a href=\"https:\/\/solidarnosc-delpharm.pl\/?page_id=9\">Czytaj dalej <span class=\"meta-nav\">&rarr;<\/span><\/a><\/p>\n","protected":false},"author":1,"featured_media":0,"parent":5,"menu_order":0,"comment_status":"open","ping_status":"open","template":"","meta":{"footnotes":""},"class_list":["post-9","page","type-page","status-publish","hentry"],"_links":{"self":[{"href":"https:\/\/solidarnosc-delpharm.pl\/index.php?rest_route=\/wp\/v2\/pages\/9","targetHints":{"allow":["GET"]}}],"collection":[{"href":"https:\/\/solidarnosc-delpharm.pl\/index.php?rest_route=\/wp\/v2\/pages"}],"about":[{"href":"https:\/\/solidarnosc-delpharm.pl\/index.php?rest_route=\/wp\/v2\/types\/page"}],"author":[{"embeddable":true,"href":"https:\/\/solidarnosc-delpharm.pl\/index.php?rest_route=\/wp\/v2\/users\/1"}],"replies":[{"embeddable":true,"href":"https:\/\/solidarnosc-delpharm.pl\/index.php?rest_route=%2Fwp%2Fv2%2Fcomments&post=9"}],"version-history":[{"count":4,"href":"https:\/\/solidarnosc-delpharm.pl\/index.php?rest_route=\/wp\/v2\/pages\/9\/revisions"}],"predecessor-version":[{"id":199,"href":"https:\/\/solidarnosc-delpharm.pl\/index.php?rest_route=\/wp\/v2\/pages\/9\/revisions\/199"}],"up":[{"embeddable":true,"href":"https:\/\/solidarnosc-delpharm.pl\/index.php?rest_route=\/wp\/v2\/pages\/5"}],"wp:attachment":[{"href":"https:\/\/solidarnosc-delpharm.pl\/index.php?rest_route=%2Fwp%2Fv2%2Fmedia&parent=9"}],"curies":[{"name":"wp","href":"https:\/\/api.w.org\/{rel}","templated":true}]}}