{"id":29,"date":"2013-09-10T21:19:53","date_gmt":"2013-09-10T19:19:53","guid":{"rendered":"http:\/\/gsk-solidarnosc.pl\/?page_id=29"},"modified":"2025-09-02T22:12:47","modified_gmt":"2025-09-02T20:12:47","slug":"kontakty","status":"publish","type":"page","link":"https:\/\/solidarnosc-delpharm.pl\/?page_id=29","title":{"rendered":"Kontakty"},"content":{"rendered":"\n<p><\/p>\n\n\n\n<p><strong>Przewodnicz\u0105cy<\/strong> Organizacji Mi\u0119dzyzak\u0142adowej<\/p>\n\n\n\n<p><strong>Hieronim Marut<\/strong><\/p>\n\n\n\n<p>Chairman of the Federal Inter-Enterprise<\/p>\n\n\n\n<p>NSZZ Solidarno\u015b\u0107 Delpharm Pozna\u0144 S.A.<\/p>\n\n\n\n<p>Tel. +48&nbsp;510&nbsp;005&nbsp;928<\/p>\n\n\n\n<p>email: <a href=\"mailto:hieronim.h.marut@delpharm.com\">hieronim.h.marut@delpharm.com<\/a><\/p>\n\n\n\n<p class=\"has-text-align-left\">___________________________________<\/p>\n\n\n\n<p><strong>Wiceprzewodnicz\u0105ca<\/strong> Organizacji Mi\u0119dzyzak\u0142adowej<\/p>\n\n\n\n<p><strong>Ewa \u0141odziewska<\/strong><\/p>\n\n\n\n<p>NSZZ Solidarno\u015b\u0107 Delpharm Pozna\u0144 S.A.<\/p>\n\n\n\n<p>Tel. +48&nbsp;504&nbsp;144&nbsp;553<\/p>\n\n\n\n<p>email: <a href=\"mailto:ewa.x.lodziewska@gsk.com\">ewa.x.lodziewska@gsk.com<\/a><\/p>\n\n\n\n<p class=\"has-text-align-left\">___________________________________<\/p>\n\n\n\n<p><strong>Sekretarz <\/strong>Organizacji Mi\u0119dzyzak\u0142adowej<\/p>\n\n\n\n<p><strong>Malwina Drozdowska<\/strong><\/p>\n\n\n\n<p>NSZZ Solidarno\u015b\u0107 Delpharm Pozna\u0144 S.A.<\/p>\n\n\n\n<p>Tel. +48&nbsp;609&nbsp;804&nbsp;425<\/p>\n\n\n\n<p>email: <a href=\"mailto:malwina.x.drozdowska@gsk.com\">malwina.x.drozdowska@gsk.com<\/a><\/p>\n\n\n\n<p>___________________________________<\/p>\n\n\n\n<p><strong>Skarbnik <\/strong>Organizacji Mi\u0119dzyzak\u0142adowej<\/p>\n\n\n\n<p><strong>Tomasz Szelangiewicz<\/strong><\/p>\n\n\n\n<p>NSZZ Solidarno\u015b\u0107 Delpharm Pozna\u0144 S.A.<\/p>\n\n\n\n<p>Tel. +48&nbsp;510&nbsp;005&nbsp;688 <\/p>\n\n\n\n<p>email: <a href=\"mailto:tomasz.a.szelangiewicz@delpharm.com\">tomasz.a.szelangiewicz@delpharm.com<\/a><\/p>\n\n\n\n<p class=\"has-text-align-left\">___________________________________<\/p>\n\n\n\n<p><strong>Cz\u0142onek Prezydium <\/strong>Organizacji Mi\u0119dzyzak\u0142adowej<\/p>\n\n\n\n<p><strong>Miros\u0142aw Konecki<\/strong><\/p>\n\n\n\n<p>NSZZ Solidarno\u015b\u0107 Delpharm Pozna\u0144 S.A.<\/p>\n\n\n\n<p>Tel. +48&nbsp;510&nbsp;005&nbsp;688<\/p>\n\n\n\n<p>email: <a href=\"mailto:miroslaw.x.konecki@delpharm.com\">miroslaw.x.konecki@delpharm.com<\/a><\/p>\n\n\n\n<p class=\"has-text-align-left\">___________________________________<\/p>\n\n\n\n<p><strong>Prawnik<\/strong><\/p>\n\n\n\n<p><strong>Anna Rowska &#8211; Sopel<\/strong><\/p>\n\n\n\n<p>Organizacja Mi\u0119dzyzak\u0142adowa<\/p>\n\n\n\n<p>NSZZ Solidarno\u015b\u0107 Delpharm Pozna\u0144 S.A.<\/p>\n\n\n\n<p>Tel. +48 572&nbsp;504&nbsp;912<\/p>\n\n\n\n<p>email: <a href=\"mailto:anna.x.rowska-sopel@delpharm.com\">anna.x.rowska-sopel@delpharm.com<\/a><\/p>\n","protected":false},"excerpt":{"rendered":"<p>Przewodnicz\u0105cy Organizacji Mi\u0119dzyzak\u0142adowej Hieronim Marut Chairman of the Federal Inter-Enterprise NSZZ Solidarno\u015b\u0107 Delpharm Pozna\u0144 S.A. Tel. +48&nbsp;510&nbsp;005&nbsp;928 email: hieronim.h.marut@delpharm.com ___________________________________ Wiceprzewodnicz\u0105ca Organizacji Mi\u0119dzyzak\u0142adowej Ewa \u0141odziewska NSZZ Solidarno\u015b\u0107 Delpharm Pozna\u0144 S.A. Tel. +48&nbsp;504&nbsp;144&nbsp;553 email: ewa.x.lodziewska@gsk.com ___________________________________ Sekretarz Organizacji Mi\u0119dzyzak\u0142adowej Malwina Drozdowska &hellip; <a href=\"https:\/\/solidarnosc-delpharm.pl\/?page_id=29\">Czytaj dalej <span class=\"meta-nav\">&rarr;<\/span><\/a><\/p>\n","protected":false},"author":1,"featured_media":0,"parent":0,"menu_order":0,"comment_status":"open","ping_status":"open","template":"","meta":{"footnotes":""},"class_list":["post-29","page","type-page","status-publish","hentry"],"_links":{"self":[{"href":"https:\/\/solidarnosc-delpharm.pl\/index.php?rest_route=\/wp\/v2\/pages\/29","targetHints":{"allow":["GET"]}}],"collection":[{"href":"https:\/\/solidarnosc-delpharm.pl\/index.php?rest_route=\/wp\/v2\/pages"}],"about":[{"href":"https:\/\/solidarnosc-delpharm.pl\/index.php?rest_route=\/wp\/v2\/types\/page"}],"author":[{"embeddable":true,"href":"https:\/\/solidarnosc-delpharm.pl\/index.php?rest_route=\/wp\/v2\/users\/1"}],"replies":[{"embeddable":true,"href":"https:\/\/solidarnosc-delpharm.pl\/index.php?rest_route=%2Fwp%2Fv2%2Fcomments&post=29"}],"version-history":[{"count":35,"href":"https:\/\/solidarnosc-delpharm.pl\/index.php?rest_route=\/wp\/v2\/pages\/29\/revisions"}],"predecessor-version":[{"id":2424,"href":"https:\/\/solidarnosc-delpharm.pl\/index.php?rest_route=\/wp\/v2\/pages\/29\/revisions\/2424"}],"wp:attachment":[{"href":"https:\/\/solidarnosc-delpharm.pl\/index.php?rest_route=%2Fwp%2Fv2%2Fmedia&parent=29"}],"curies":[{"name":"wp","href":"https:\/\/api.w.org\/{rel}","templated":true}]}}