{"id":21,"date":"2013-09-10T21:19:10","date_gmt":"2013-09-10T19:19:10","guid":{"rendered":"http:\/\/gsk-solidarnosc.pl\/?page_id=21"},"modified":"2017-06-16T10:59:22","modified_gmt":"2017-06-16T08:59:22","slug":"sekretariat-przemyslu-chemicznego","status":"publish","type":"page","link":"https:\/\/solidarnosc-delpharm.pl\/?page_id=21","title":{"rendered":"Krajowy Sekretariat Przemys\u0142u Chemicznego"},"content":{"rendered":"<p>&nbsp;<\/p>\n<p>&nbsp;<\/p>\n<p>Sekretariat Przemys\u0142u Chemicznego &#8211; marzec 2017 &#8211; \u00a0<a href=\"http:\/\/gsk-solidarnosc.pl\/wp-content\/uploads\/2013\/09\/SPCH_03-17.pdf\">plik<\/a><\/p>\n<p>Sekretariat Przemys\u0142u Chemicznego &#8211; marzec 2015 &#8211;\u00a0<a href=\"http:\/\/gsk-solidarnosc.pl\/wp-content\/uploads\/2013\/09\/SPCh_03-16.pdf\">plik<\/a><\/p>\n<p>Pro\u015bba o wsparcie dla cz\u0142onkini NSZZ &#8222;Solidarno\u015b\u0107&#8221; Haliny Iwaneczko &#8211; <a href=\"http:\/\/gsk-solidarnosc.pl\/wp-content\/uploads\/2013\/09\/Pomoc-dla-Haliny.pptx\">plik<\/a><\/p>\n<p>Sekretariat Przemys\u0142u Chemicznego &#8211; luty\u00a02015 &#8211;\u00a0<a href=\"http:\/\/gsk-solidarnosc.pl\/wp-content\/uploads\/2013\/09\/SPCH-S_02-15.pdf\">plik<\/a><\/p>\n<p>Sekretariat Przemys\u0142u Chemicznego &#8211; stycze\u0144 2015 &#8211;\u00a0<a href=\"http:\/\/gsk-solidarnosc.pl\/wp-content\/uploads\/2013\/09\/SPCH-S_01-15.pdf\">plik<\/a><\/p>\n<p>Sekretariat Przemys\u0142u Chemicznego &#8211; listopad 2014 &#8211;\u00a0<a href=\"http:\/\/gsk-solidarnosc.pl\/wp-content\/uploads\/2013\/09\/SPCH-S_11-14.pdf\">plik<\/a><\/p>\n<p>Sekretariat Przemys\u0142u Chemicznego &#8211; pa\u017adziernik 2014 &#8211;\u00a0<a href=\"http:\/\/gsk-solidarnosc.pl\/wp-content\/uploads\/2013\/09\/SPCH-S_10-14.pdf\">plik<\/a><\/p>\n<p>Sekretariat Przemys\u0142u Chemicznego \u00a0&#8211; sierpie\u0144\u00a02014 &#8211;\u00a0<a href=\"http:\/\/gsk-solidarnosc.pl\/wp-content\/uploads\/2013\/09\/SPCH-S_08-14.pdf\">plik<\/a><\/p>\n<p>Sekretariat Przemys\u0142u Chemicznego \u00a0&#8211; lipiec 2014 &#8211;\u00a0<a href=\"http:\/\/gsk-solidarnosc.pl\/wp-content\/uploads\/2013\/09\/SPCH-S_07-14.pdf\">plik<\/a><\/p>\n<p>Sekretariat Przemys\u0142u Chemicznego \u00a0&#8211; maj\u00a02014 &#8211;\u00a0<a href=\"http:\/\/gsk-solidarnosc.pl\/wp-content\/uploads\/2013\/09\/SPCH-S_05-14.pdf\">plik<\/a><\/p>\n<p>Sekretariat Przemys\u0142u Chemicznego \u00a0&#8211; marzec 2014 &#8211;\u00a0<a href=\"http:\/\/gsk-solidarnosc.pl\/wp-content\/uploads\/2013\/09\/SPCH-S_03-14.pdf\">plik<\/a><\/p>\n","protected":false},"excerpt":{"rendered":"<p>&nbsp; &nbsp; Sekretariat Przemys\u0142u Chemicznego &#8211; marzec 2017 &#8211; \u00a0plik Sekretariat Przemys\u0142u Chemicznego &#8211; marzec 2015 &#8211;\u00a0plik Pro\u015bba o wsparcie dla cz\u0142onkini NSZZ &#8222;Solidarno\u015b\u0107&#8221; Haliny Iwaneczko &#8211; plik Sekretariat Przemys\u0142u Chemicznego &#8211; luty\u00a02015 &#8211;\u00a0plik Sekretariat Przemys\u0142u Chemicznego &#8211; stycze\u0144 2015 &hellip; <a href=\"https:\/\/solidarnosc-delpharm.pl\/?page_id=21\">Czytaj dalej <span class=\"meta-nav\">&rarr;<\/span><\/a><\/p>\n","protected":false},"author":1,"featured_media":0,"parent":0,"menu_order":0,"comment_status":"closed","ping_status":"closed","template":"","meta":{"footnotes":""},"class_list":["post-21","page","type-page","status-publish","hentry"],"_links":{"self":[{"href":"https:\/\/solidarnosc-delpharm.pl\/index.php?rest_route=\/wp\/v2\/pages\/21","targetHints":{"allow":["GET"]}}],"collection":[{"href":"https:\/\/solidarnosc-delpharm.pl\/index.php?rest_route=\/wp\/v2\/pages"}],"about":[{"href":"https:\/\/solidarnosc-delpharm.pl\/index.php?rest_route=\/wp\/v2\/types\/page"}],"author":[{"embeddable":true,"href":"https:\/\/solidarnosc-delpharm.pl\/index.php?rest_route=\/wp\/v2\/users\/1"}],"replies":[{"embeddable":true,"href":"https:\/\/solidarnosc-delpharm.pl\/index.php?rest_route=%2Fwp%2Fv2%2Fcomments&post=21"}],"version-history":[{"count":15,"href":"https:\/\/solidarnosc-delpharm.pl\/index.php?rest_route=\/wp\/v2\/pages\/21\/revisions"}],"predecessor-version":[{"id":1603,"href":"https:\/\/solidarnosc-delpharm.pl\/index.php?rest_route=\/wp\/v2\/pages\/21\/revisions\/1603"}],"wp:attachment":[{"href":"https:\/\/solidarnosc-delpharm.pl\/index.php?rest_route=%2Fwp%2Fv2%2Fmedia&parent=21"}],"curies":[{"name":"wp","href":"https:\/\/api.w.org\/{rel}","templated":true}]}}