{"id":15,"date":"2013-09-10T21:18:24","date_gmt":"2013-09-10T19:18:24","guid":{"rendered":"http:\/\/gsk-solidarnosc.pl\/?page_id=15"},"modified":"2024-03-25T13:48:52","modified_gmt":"2024-03-25T12:48:52","slug":"pracownicza-kasa-zapomogowo-pozyczkowa","status":"publish","type":"page","link":"https:\/\/solidarnosc-delpharm.pl\/?page_id=15","title":{"rendered":"Mi\u0119dzyzak\u0142adowa Kasa Zapomogowo &#8211; Po\u017cyczkowa (MKZP)"},"content":{"rendered":"\n<p><\/p>\n\n\n\n<p>Statut MKZP &#8211; <a href=\"https:\/\/solidarnosc-delpharm.pl\/wp-content\/uploads\/2022\/12\/Statut-MKZP.pdf\" target=\"_blank\" rel=\"noreferrer noopener\">plik<\/a><\/p>\n\n\n\n<p>Zasady udzielania po\u017cyczek i zapom\u00f3g &#8211; <a href=\"https:\/\/solidarnosc-delpharm.pl\/wp-content\/uploads\/2022\/12\/ZASADY-UDZIELANIA-POZYCZEK-I-ZAPOMOG.pdf\" target=\"_blank\" rel=\"noreferrer noopener\">plik<\/a><\/p>\n\n\n\n<p>Deklaracja przyst\u0105pienia do MKZP &#8211; <a href=\"https:\/\/solidarnosc-delpharm.pl\/wp-content\/uploads\/2022\/12\/deklaracja-przystapienia-do-MKZP.pdf\" target=\"_blank\" rel=\"noreferrer noopener\">plik<\/a><\/p>\n\n\n\n<p>Deklaracja zgody cz\u0142onka MKZP &#8211; <a href=\"https:\/\/solidarnosc-delpharm.pl\/wp-content\/uploads\/2022\/12\/Dekl.-zgody-czl.-MKZP-na-strone.pdf\" target=\"_blank\" rel=\"noreferrer noopener\">plik<\/a><\/p>\n\n\n\n<p>Deklaracja zgody osoby uprawnionej do otrzymania wk\u0142adu<br>cz\u0142onkowskiego w razie \u015bmierci cz\u0142onka MKZP &#8211; <a href=\"https:\/\/solidarnosc-delpharm.pl\/wp-content\/uploads\/2022\/12\/Deklaracja-zgody-osoby-uprawnionej.pdf\" target=\"_blank\" rel=\"noreferrer noopener\">plik<\/a><\/p>\n\n\n\n<p>Wniosek o udzielenie pozyczki z MKZP &#8211; <a href=\"https:\/\/solidarnosc-delpharm.pl\/wp-content\/uploads\/2022\/12\/wniosek-o-pozyczke-z-MKZP.pdf\" target=\"_blank\" rel=\"noreferrer noopener\">plik<\/a><\/p>\n\n\n\n<p>Zgoda na potr\u0105cenie MKZP &#8211; <a href=\"https:\/\/solidarnosc-delpharm.pl\/wp-content\/uploads\/2022\/12\/Zgoda-na-potracenie-MKZP.pdf\" target=\"_blank\" rel=\"noreferrer noopener\">plik<\/a><\/p>\n\n\n\n<p>Wniosek o zwrot wk\u0142ad\u00f3w MKZP &#8211; <a href=\"https:\/\/solidarnosc-delpharm.pl\/wp-content\/uploads\/2022\/12\/wniosek-o-zwrot-wkladow-MKZP.pdf\" target=\"_blank\" rel=\"noreferrer noopener\">plik<\/a><\/p>\n","protected":false},"excerpt":{"rendered":"<p>Statut MKZP &#8211; plik Zasady udzielania po\u017cyczek i zapom\u00f3g &#8211; plik Deklaracja przyst\u0105pienia do MKZP &#8211; plik Deklaracja zgody cz\u0142onka MKZP &#8211; plik Deklaracja zgody osoby uprawnionej do otrzymania wk\u0142aducz\u0142onkowskiego w razie \u015bmierci cz\u0142onka MKZP &#8211; plik Wniosek o udzielenie &hellip; <a href=\"https:\/\/solidarnosc-delpharm.pl\/?page_id=15\">Czytaj dalej <span class=\"meta-nav\">&rarr;<\/span><\/a><\/p>\n","protected":false},"author":1,"featured_media":0,"parent":0,"menu_order":0,"comment_status":"open","ping_status":"open","template":"","meta":{"footnotes":""},"class_list":["post-15","page","type-page","status-publish","hentry"],"_links":{"self":[{"href":"https:\/\/solidarnosc-delpharm.pl\/index.php?rest_route=\/wp\/v2\/pages\/15","targetHints":{"allow":["GET"]}}],"collection":[{"href":"https:\/\/solidarnosc-delpharm.pl\/index.php?rest_route=\/wp\/v2\/pages"}],"about":[{"href":"https:\/\/solidarnosc-delpharm.pl\/index.php?rest_route=\/wp\/v2\/types\/page"}],"author":[{"embeddable":true,"href":"https:\/\/solidarnosc-delpharm.pl\/index.php?rest_route=\/wp\/v2\/users\/1"}],"replies":[{"embeddable":true,"href":"https:\/\/solidarnosc-delpharm.pl\/index.php?rest_route=%2Fwp%2Fv2%2Fcomments&post=15"}],"version-history":[{"count":8,"href":"https:\/\/solidarnosc-delpharm.pl\/index.php?rest_route=\/wp\/v2\/pages\/15\/revisions"}],"predecessor-version":[{"id":2356,"href":"https:\/\/solidarnosc-delpharm.pl\/index.php?rest_route=\/wp\/v2\/pages\/15\/revisions\/2356"}],"wp:attachment":[{"href":"https:\/\/solidarnosc-delpharm.pl\/index.php?rest_route=%2Fwp%2Fv2%2Fmedia&parent=15"}],"curies":[{"name":"wp","href":"https:\/\/api.w.org\/{rel}","templated":true}]}}