{"id":136,"date":"2013-09-24T22:53:56","date_gmt":"2013-09-24T20:53:56","guid":{"rendered":"http:\/\/gsk-solidarnosc.pl\/?page_id=136"},"modified":"2018-09-11T15:38:05","modified_gmt":"2018-09-11T13:38:05","slug":"biuletyn-regionu-wielkopolska-nszz-solidarnosc","status":"publish","type":"page","link":"https:\/\/solidarnosc-delpharm.pl\/?page_id=136","title":{"rendered":"Biuletyn Regionu Wielkopolska NSZZ Solidarno\u015b\u0107"},"content":{"rendered":"<p>Solidarno\u015b\u0107 Wielkopolska nr 1188\u00a0<a href=\"http:\/\/gsk-solidarnosc.pl\/wp-content\/uploads\/2018\/09\/1188.pdf\">plik<\/a><\/p>\n<p>Solidarno\u015b\u0107 Wielkopolska nr 1187\u00a0<a href=\"http:\/\/gsk-solidarnosc.pl\/wp-content\/uploads\/2018\/09\/1187.pdf\">plik<\/a><\/p>\n<p>Solidarno\u015b\u0107 Wielkopolska nr 1186\u00a0<a href=\"http:\/\/gsk-solidarnosc.pl\/wp-content\/uploads\/2018\/09\/1186.pdf\">plik<\/a><\/p>\n<p>Solidarno\u015b\u0107 Wielkopolska nr 1185\u00a0<a href=\"http:\/\/gsk-solidarnosc.pl\/wp-content\/uploads\/2018\/09\/1185.pdf\">plik<\/a><\/p>\n<p>Solidarno\u015b\u0107 Wielkopolska nr 1183\u00a0<a href=\"http:\/\/gsk-solidarnosc.pl\/wp-content\/uploads\/2018\/07\/1183.pdf\">plik<\/a><\/p>\n<p>Solidarno\u015b\u0107 Wielkopolska nr 1182\u00a0<a href=\"http:\/\/gsk-solidarnosc.pl\/wp-content\/uploads\/2018\/07\/1182.pdf\">plik<\/a><\/p>\n<p>Solidarno\u015b\u0107 Wielkopolska nr 1181\u00a0<a href=\"http:\/\/gsk-solidarnosc.pl\/wp-content\/uploads\/2018\/06\/1181.pdf\">plik<\/a><\/p>\n<p>Solidarno\u015b\u0107 Wielkopolska nr 1180\u00a0<a href=\"http:\/\/gsk-solidarnosc.pl\/wp-content\/uploads\/2018\/06\/1180.pdf\">plik<\/a><\/p>\n<p>Solidarno\u015b\u0107 Wielkopolska nr 1179\u00a0<a href=\"http:\/\/gsk-solidarnosc.pl\/wp-content\/uploads\/2018\/06\/1179.pdf\">plik<\/a><\/p>\n<p>Solidarno\u015b\u0107 Wielkopolska nr 1175\u00a0<a href=\"http:\/\/gsk-solidarnosc.pl\/wp-content\/uploads\/2018\/03\/1175.pdf\">plik<\/a><\/p>\n<p>Solidarno\u015b\u0107 Wielkopolska nr 1174\u00a0<a href=\"http:\/\/gsk-solidarnosc.pl\/wp-content\/uploads\/2018\/03\/1174.pdf\">plik<\/a><\/p>\n<p>Solidarno\u015b\u0107 Wielkopolska nr 1173\u00a0<a href=\"http:\/\/gsk-solidarnosc.pl\/wp-content\/uploads\/2018\/03\/1173.pdf\">plik<\/a><\/p>\n<p>Solidarno\u015b\u0107 Wielkopolska nr 1172\u00a0<a href=\"http:\/\/gsk-solidarnosc.pl\/wp-content\/uploads\/2018\/03\/1172.pdf\">plik<\/a><\/p>\n<p><a href=\"http:\/\/gsk-solidarnosc.pl\/wp-content\/uploads\/2018\/03\/1171.pdf\">Solidarno\u015b\u0107 Wielkopolska nr 1171 plik<\/a><\/p>\n<p>Solidarno\u015b\u0107 Wielkopolska nr 1168 &#8211;\u00a0<a href=\"http:\/\/gsk-solidarnosc.pl\/wp-content\/uploads\/2013\/09\/Solidarno\u015bc-Wielkopolska-1168.pdf\">plik<\/a><\/p>\n<p>Solidarno\u015b\u0107 Wielkopolska nr 1167 &#8211;\u00a0<a href=\"http:\/\/gsk-solidarnosc.pl\/wp-content\/uploads\/2013\/09\/Solidarno\u015bc-Wielkopolska-1167.pdf\">plik<\/a><\/p>\n<p>Solidarno\u015b\u0107 Wielkopolska nr 1166 &#8211;\u00a0<a href=\"http:\/\/gsk-solidarnosc.pl\/wp-content\/uploads\/2013\/09\/1166.pdf\">plik<\/a><\/p>\n<p>Solidarno\u015b\u0107 Wielkopolska nr 1165 &#8211;\u00a0<a href=\"http:\/\/gsk-solidarnosc.pl\/wp-content\/uploads\/2013\/09\/1165-1.pdf\">plik<\/a><\/p>\n<p>Solidarno\u015b\u0107 Wielkopolska nr 1164 &#8211;\u00a0<a href=\"http:\/\/gsk-solidarnosc.pl\/wp-content\/uploads\/2013\/09\/1164.pdf\">plik<\/a><\/p>\n<p>Solidarno\u015b\u0107 Wielkopolska nr 1158 &#8211;\u00a0<a href=\"http:\/\/gsk-solidarnosc.pl\/wp-content\/uploads\/2013\/09\/1158.pdf\">plik<\/a><\/p>\n<p>Solidarno\u015b\u0107 Wielkopolska nr 1157 &#8211;\u00a0<a href=\"http:\/\/gsk-solidarnosc.pl\/wp-content\/uploads\/2013\/09\/1157.pdf\">plik<\/a><\/p>\n<p>Solidarno\u015b\u0107 Wielkopolska nr 1156 &#8211;\u00a0<a href=\"http:\/\/gsk-solidarnosc.pl\/wp-content\/uploads\/2013\/09\/1156.pdf\">plik<\/a><\/p>\n<p>Solidarno\u015b\u0107 Wielkopolska nr 1155 &#8211;\u00a0<a href=\"http:\/\/gsk-solidarnosc.pl\/wp-content\/uploads\/2013\/09\/1155.pdf\">plik<\/a><\/p>\n<p>Solidarno\u015b\u0107 Wielkopolska nr 1154 &#8211;\u00a0<a href=\"http:\/\/gsk-solidarnosc.pl\/wp-content\/uploads\/2013\/09\/1154.pdf\">plik<\/a><\/p>\n<p>Solidarno\u015b\u0107 Wielkopolska nr 1151 &#8211; <a href=\"http:\/\/gsk-solidarnosc.pl\/wp-content\/uploads\/2013\/09\/Solidarno\u015b\u0107-Wielkopolska-1151.pdf\">plik<\/a><\/p>\n<p>Solidarno\u015b\u0107 Wielkopolska nr 1150 &#8211; <a href=\"http:\/\/gsk-solidarnosc.pl\/wp-content\/uploads\/2013\/09\/Solidarno\u015b\u0107-Wielkopolska-1150.pdf\">plik<\/a><\/p>\n<p>Solidarno\u015b\u0107 Wielkopolska nr 1149 &#8211; <a href=\"http:\/\/gsk-solidarnosc.pl\/wp-content\/uploads\/2013\/09\/1149.pdf\">plik<\/a><\/p>\n<p>Solidarno\u015b\u0107 Wielkopolska nr 1148 &#8211;\u00a0<a href=\"http:\/\/gsk-solidarnosc.pl\/wp-content\/uploads\/2013\/09\/1148.pdf\">plik<\/a><\/p>\n<p>Solidarno\u015b\u0107 Wielkopolska nr 1147 &#8211;\u00a0<a href=\"http:\/\/gsk-solidarnosc.pl\/wp-content\/uploads\/2017\/01\/1147.pdf\">plik<\/a><\/p>\n<p>Solidarno\u015b\u0107 Wielkopolska nr 1146 &#8211;\u00a0<a href=\"http:\/\/gsk-solidarnosc.pl\/wp-content\/uploads\/2017\/01\/1146.pdf\">plik<\/a><\/p>\n<p>Solidarno\u015b\u0107 Wielkopolska nr 1145 &#8211;\u00a0<a href=\"http:\/\/gsk-solidarnosc.pl\/wp-content\/uploads\/2017\/01\/1145.pdf\">plik<\/a><\/p>\n<p>Solidarno\u015b\u0107 Wielkopolska nr 1143 &#8211;\u00a0<a href=\"http:\/\/gsk-solidarnosc.pl\/wp-content\/uploads\/2017\/01\/1143.pdf\">plik<\/a><\/p>\n<p>Solidarno\u015b\u0107 Wielkopolska nr 1142 &#8211;\u00a0<a href=\"http:\/\/gsk-solidarnosc.pl\/wp-content\/uploads\/2017\/01\/1142.pdf\">plik<\/a><\/p>\n<p>Solidarno\u015b\u0107 Wielkopolska nr 1140 &#8211;\u00a0<a href=\"http:\/\/gsk-solidarnosc.pl\/wp-content\/uploads\/2017\/01\/1140.pdf\">plik<\/a><\/p>\n<p>Solidarno\u015b\u0107 Wielkopolska nr 1138 &#8211;\u00a0<a href=\"http:\/\/gsk-solidarnosc.pl\/wp-content\/uploads\/2017\/01\/1138.pdf\">plik<\/a><\/p>\n<p>Solidarno\u015b\u0107 Wielkopolska nr 1137 &#8211;\u00a0<a href=\"http:\/\/gsk-solidarnosc.pl\/wp-content\/uploads\/2017\/01\/1137.pdf\">plik<\/a><\/p>\n<p>Solidarno\u015b\u0107 Wielkopolska nr 1136 &#8211;\u00a0<a href=\"http:\/\/gsk-solidarnosc.pl\/wp-content\/uploads\/2017\/01\/1136.pdf\">plik<\/a><\/p>\n<p>Solidarno\u015b\u0107 Wielkopolska nr 1135 &#8211;\u00a0<a href=\"http:\/\/gsk-solidarnosc.pl\/wp-content\/uploads\/2017\/01\/1135.pdf\">plik<\/a><\/p>\n<p>Solidarno\u015b\u0107 Wielkopolska nr 1134 &#8211;\u00a0<a href=\"http:\/\/gsk-solidarnosc.pl\/wp-content\/uploads\/2013\/09\/1134.pdf\">plik<\/a><\/p>\n<p>Solidarno\u015b\u0107 Wielkopolska nr 1133 &#8211;\u00a0<a href=\"http:\/\/gsk-solidarnosc.pl\/wp-content\/uploads\/2013\/09\/Solidarno\u015b\u0107-Wielkopolska-1133.pdf\">plik<\/a><\/p>\n<p>Solidarno\u015b\u0107 Wielkopolska nr 1132 &#8211;\u00a0<a href=\"http:\/\/gsk-solidarnosc.pl\/wp-content\/uploads\/2013\/09\/1132.pdf\">plik<\/a><\/p>\n<p>Solidarno\u015b\u0107 Wielkopolska nr 1129 &#8211;\u00a0<a href=\"http:\/\/gsk-solidarnosc.pl\/wp-content\/uploads\/2013\/09\/1129.pdf\">plik<\/a><\/p>\n<p>Solidarno\u015b\u0107 Wielkopolska nr 1127 &#8211;\u00a0<a href=\"http:\/\/gsk-solidarnosc.pl\/wp-content\/uploads\/2013\/09\/1127.pdf\">plik<\/a><\/p>\n<p>Solidarno\u015b\u0107 Wielkopolska nr 1125 &#8211;\u00a0<a href=\"http:\/\/gsk-solidarnosc.pl\/wp-content\/uploads\/2013\/09\/1125.pdf\">plik<\/a><\/p>\n<p>Solidarno\u015b\u0107 Wielkopolska nr 1124 &#8211;\u00a0<a href=\"http:\/\/gsk-solidarnosc.pl\/wp-content\/uploads\/2013\/09\/1124.pdf\">plik<\/a><\/p>\n<p>Solidarno\u015b\u0107 Wielkopolska nr 1122 &#8211;\u00a0<a href=\"http:\/\/gsk-solidarnosc.pl\/wp-content\/uploads\/2013\/09\/1122.pdf\">plik<\/a><\/p>\n<p>Solidarno\u015b\u0107 Wielkopolska nr 1121 &#8211;\u00a0<a href=\"http:\/\/gsk-solidarnosc.pl\/wp-content\/uploads\/2013\/09\/SW-1121.pdf\">plik<\/a><\/p>\n<p>Solidarno\u015b\u0107 Wielkopolska nr 1119 &#8211;\u00a0<a href=\"http:\/\/gsk-solidarnosc.pl\/wp-content\/uploads\/2013\/09\/1119.pdf\">plik<\/a><\/p>\n<p>Solidarno\u015b\u0107 Wielkopolska nr 1118 &#8211;\u00a0<a href=\"http:\/\/gsk-solidarnosc.pl\/wp-content\/uploads\/2013\/09\/1118.pdf\">plik<\/a><\/p>\n<p>Solidarno\u015b\u0107 Wielkopolska nr 1116 &#8211;\u00a0<a href=\"http:\/\/gsk-solidarnosc.pl\/wp-content\/uploads\/2013\/09\/1116.pdf\">plik<\/a><\/p>\n<p>Solidarno\u015b\u0107 Wielkopolska nr 1114 &#8211;\u00a0<a href=\"http:\/\/gsk-solidarnosc.pl\/wp-content\/uploads\/2013\/09\/1114.pdf\">plik<\/a><\/p>\n<p>Solidarno\u015b\u0107 Wielkopolska nr 1112 &#8211;\u00a0<a href=\"http:\/\/gsk-solidarnosc.pl\/wp-content\/uploads\/2013\/09\/1112.pdf\">plik<\/a><\/p>\n<p>Solidarno\u015b\u0107 Wielkopolska nr 1111 &#8211;\u00a0<a href=\"http:\/\/gsk-solidarnosc.pl\/wp-content\/uploads\/2013\/09\/SW-1111.pdf\">plik<\/a><\/p>\n<p>Solidarno\u015b\u0107 Wielkopolska nr 1110 &#8211;\u00a0<a href=\"http:\/\/gsk-solidarnosc.pl\/wp-content\/uploads\/2013\/09\/1110.pdf\">plik<\/a><\/p>\n<p>Solidarno\u015b\u0107 Wielkopolska nr 1108 &#8211;\u00a0<a href=\"http:\/\/gsk-solidarnosc.pl\/wp-content\/uploads\/2013\/09\/1108.pdf\">plik<\/a><\/p>\n<p>Solidarno\u015b\u0107 Wielkopolska nr 1103 &#8211;\u00a0<a href=\"http:\/\/gsk-solidarnosc.pl\/wp-content\/uploads\/2013\/09\/1103.pdf\">plik<\/a><\/p>\n<p>Solidarno\u015b\u0107 Wielkopolska nr 1102 &#8211;\u00a0<a href=\"http:\/\/gsk-solidarnosc.pl\/wp-content\/uploads\/2013\/09\/1102.pdf\">plik<\/a><\/p>\n<p>Solidarno\u015b\u0107 Wielkopolska nr 1099 &#8211;\u00a0<a href=\"http:\/\/gsk-solidarnosc.pl\/wp-content\/uploads\/2013\/09\/SW-1099.pdf\">plik<\/a><\/p>\n<p>Solidarno\u015b\u0107 Wielkopolska nr 1098 &#8211;\u00a0<a href=\"http:\/\/gsk-solidarnosc.pl\/wp-content\/uploads\/2013\/09\/Soldarnosc-Wielkopolska-1098.pdf\">plik<\/a><\/p>\n<p>Solidarno\u015b\u0107 Wielkopolska nr 1095 &#8211;\u00a0<a href=\"http:\/\/gsk-solidarnosc.pl\/wp-content\/uploads\/2013\/09\/1095.pdf\">plik<\/a><\/p>\n<p>Solidarno\u015b\u0107 Wielkopolska nr 1094 &#8211;\u00a0<a href=\"http:\/\/gsk-solidarnosc.pl\/wp-content\/uploads\/2013\/09\/Solidarno\u015b\u0107-Wielkopolska-1094.pdf\">plik<\/a><\/p>\n<p>Solidarno\u015b\u0107 Wielkopolska nr 1093 &#8211;\u00a0<a href=\"http:\/\/gsk-solidarnosc.pl\/wp-content\/uploads\/2013\/09\/Solidarnosc-Wielkopolska-1093.pdf\">plik<\/a><\/p>\n<p>Solidarno\u015b\u0107 Wielkopolska nr 1091 &#8211; <a href=\"http:\/\/gsk-solidarnosc.pl\/wp-content\/uploads\/2013\/09\/Solidarnosc-Wielkopolska-nr-1091.pdf\">plik<\/a><\/p>\n<p>Solidarno\u015b\u0107 Wielkopolska nr 1084 &#8211;\u00a0<a href=\"http:\/\/gsk-solidarnosc.pl\/wp-content\/uploads\/2013\/09\/1084.pdf\">plik<\/a><\/p>\n<p>Solidarno\u015b\u0107 Wielkopolska nr 1082 &#8211;\u00a0<a href=\"http:\/\/gsk-solidarnosc.pl\/wp-content\/uploads\/2013\/09\/1082.pdf\">plik<\/a><\/p>\n<p>Solidarno\u015b\u0107 Wielkopolska nr 1080 &#8211;\u00a0<a href=\"http:\/\/gsk-solidarnosc.pl\/wp-content\/uploads\/2013\/09\/1080.pdf\">plik<\/a><\/p>\n<p>Solidarno\u015b\u0107 Wielkopolska nr 1077 &#8211;\u00a0<a href=\"http:\/\/gsk-solidarnosc.pl\/wp-content\/uploads\/2013\/09\/1077.pdf\">plik<\/a><a href=\"http:\/\/gsk-solidarnosc.pl\/wp-content\/uploads\/2013\/09\/1075.pdf\"><br \/>\n<\/a><\/p>\n<p>Solidarno\u015b\u0107 Wielkopolska nr 1075 &#8211;\u00a0<a href=\"http:\/\/gsk-solidarnosc.pl\/wp-content\/uploads\/2013\/09\/1075.pdf\">plik<\/a><\/p>\n<p>Solidarno\u015b\u0107 Wielkopolska nr 1074 &#8211;\u00a0<a href=\"http:\/\/gsk-solidarnosc.pl\/wp-content\/uploads\/2013\/09\/1074.pdf\">plik<\/a><\/p>\n<p>Solidarno\u015b\u0107 Wielkopolska nr 1073 &#8211;\u00a0<a href=\"http:\/\/gsk-solidarnosc.pl\/wp-content\/uploads\/2013\/09\/1073.pdf\">plik<\/a><\/p>\n<p>Solidarno\u015b\u0107 Wielkopolska nr 1071 &#8211;\u00a0<a href=\"http:\/\/gsk-solidarnosc.pl\/wp-content\/uploads\/2013\/09\/1071.pdf\">plik<\/a><a href=\"http:\/\/gsk-solidarnosc.pl\/wp-content\/uploads\/2013\/09\/Solidarnosc-Wielkopolska-nr-10692.pdf\"><br \/>\n<\/a><\/p>\n<p>Solidarno\u015b\u0107 Wielkopolska nr 1069 &#8211;\u00a0<a href=\"http:\/\/gsk-solidarnosc.pl\/wp-content\/uploads\/2013\/09\/Solidarnosc-Wielkopolska-nr-10692.pdf\">plik<\/a><a href=\"http:\/\/gsk-solidarnosc.pl\/wp-content\/uploads\/2013\/09\/Solidarnosc-Wielkopolska-nr-10691.pdf\"><br \/>\n<\/a><\/p>\n","protected":false},"excerpt":{"rendered":"<p>Solidarno\u015b\u0107 Wielkopolska nr 1188\u00a0plik Solidarno\u015b\u0107 Wielkopolska nr 1187\u00a0plik Solidarno\u015b\u0107 Wielkopolska nr 1186\u00a0plik Solidarno\u015b\u0107 Wielkopolska nr 1185\u00a0plik Solidarno\u015b\u0107 Wielkopolska nr 1183\u00a0plik Solidarno\u015b\u0107 Wielkopolska nr 1182\u00a0plik Solidarno\u015b\u0107 Wielkopolska nr 1181\u00a0plik Solidarno\u015b\u0107 Wielkopolska nr 1180\u00a0plik Solidarno\u015b\u0107 Wielkopolska nr 1179\u00a0plik Solidarno\u015b\u0107 Wielkopolska nr 1175\u00a0plik &hellip; <a href=\"https:\/\/solidarnosc-delpharm.pl\/?page_id=136\">Czytaj dalej <span class=\"meta-nav\">&rarr;<\/span><\/a><\/p>\n","protected":false},"author":1,"featured_media":0,"parent":0,"menu_order":0,"comment_status":"closed","ping_status":"closed","template":"","meta":{"footnotes":""},"class_list":["post-136","page","type-page","status-publish","hentry"],"_links":{"self":[{"href":"https:\/\/solidarnosc-delpharm.pl\/index.php?rest_route=\/wp\/v2\/pages\/136","targetHints":{"allow":["GET"]}}],"collection":[{"href":"https:\/\/solidarnosc-delpharm.pl\/index.php?rest_route=\/wp\/v2\/pages"}],"about":[{"href":"https:\/\/solidarnosc-delpharm.pl\/index.php?rest_route=\/wp\/v2\/types\/page"}],"author":[{"embeddable":true,"href":"https:\/\/solidarnosc-delpharm.pl\/index.php?rest_route=\/wp\/v2\/users\/1"}],"replies":[{"embeddable":true,"href":"https:\/\/solidarnosc-delpharm.pl\/index.php?rest_route=%2Fwp%2Fv2%2Fcomments&post=136"}],"version-history":[{"count":47,"href":"https:\/\/solidarnosc-delpharm.pl\/index.php?rest_route=\/wp\/v2\/pages\/136\/revisions"}],"predecessor-version":[{"id":1908,"href":"https:\/\/solidarnosc-delpharm.pl\/index.php?rest_route=\/wp\/v2\/pages\/136\/revisions\/1908"}],"wp:attachment":[{"href":"https:\/\/solidarnosc-delpharm.pl\/index.php?rest_route=%2Fwp%2Fv2%2Fmedia&parent=136"}],"curies":[{"name":"wp","href":"https:\/\/api.w.org\/{rel}","templated":true}]}}