{"id":1146,"date":"2015-03-11T13:22:34","date_gmt":"2015-03-11T12:22:34","guid":{"rendered":"http:\/\/gsk-solidarnosc.pl\/?page_id=1146"},"modified":"2024-02-07T09:18:12","modified_gmt":"2024-02-07T08:18:12","slug":"schemat-organizacyjny-moz-nszz-solidarnosc-gsk-ph-sa","status":"publish","type":"page","link":"https:\/\/solidarnosc-delpharm.pl\/?page_id=1146","title":{"rendered":"Schemat organizacyjny OM NSZZ Solidarno\u015b\u0107 Delpharm Pozna\u0144 S.A."},"content":{"rendered":"\n<h1 class=\"wp-block-heading\"><\/h1>\n\n\n\n<h2 class=\"wp-block-heading\" style=\"font-size:50px\">Przewodnicz\u0105cy<\/h2>\n\n\n\n<div class=\"wp-block-columns is-layout-flex wp-container-core-columns-is-layout-9d6595d7 wp-block-columns-is-layout-flex\">\n<div class=\"wp-block-column is-layout-flow wp-block-column-is-layout-flow\">\n<figure class=\"wp-block-image size-full is-resized\"><img loading=\"lazy\" decoding=\"async\" width=\"381\" height=\"551\" src=\"https:\/\/solidarnosc-delpharm.pl\/wp-content\/uploads\/2023\/06\/Hieronim-Marut.jpg\" alt=\"\" class=\"wp-image-2223\" style=\"width:234px;height:auto\" srcset=\"https:\/\/solidarnosc-delpharm.pl\/wp-content\/uploads\/2023\/06\/Hieronim-Marut.jpg 381w, https:\/\/solidarnosc-delpharm.pl\/wp-content\/uploads\/2023\/06\/Hieronim-Marut-207x300.jpg 207w\" sizes=\"auto, (max-width: 381px) 100vw, 381px\" \/><\/figure>\n<\/div>\n\n\n\n<div class=\"wp-block-column is-layout-flow wp-block-column-is-layout-flow\">\n<p><strong>Hieronim Marut<\/strong><\/p>\n\n\n\n<p><strong>Przewodnicz\u0105cy<\/strong> OM NSZZ Solidarno\u015b\u0107 Delpharm Pozna\u0144 S.A.<\/p>\n\n\n\n<p>Chairman of the Federal Inter-Enterprise<\/p>\n\n\n\n<p>NSZZ Solidarno\u015b\u0107 Delpharm Pozna\u0144 S.A.<\/p>\n\n\n\n<p>Tel. +48&nbsp;510&nbsp;005&nbsp;928<\/p>\n\n\n\n<p>email: <a href=\"mailto:hieronim.h.marut@delpharm.com\">hieronim.h.marut@delpharm.com<\/a><\/p>\n<\/div>\n<\/div>\n\n\n\n<h2 class=\"wp-block-heading\" style=\"font-size:50px\">Prezydium<\/h2>\n\n\n\n<div class=\"wp-block-columns is-layout-flex wp-container-core-columns-is-layout-9d6595d7 wp-block-columns-is-layout-flex\">\n<div class=\"wp-block-column is-layout-flow wp-block-column-is-layout-flow\">\n<figure class=\"wp-block-image size-full is-resized\"><img loading=\"lazy\" decoding=\"async\" width=\"375\" height=\"667\" src=\"https:\/\/solidarnosc-delpharm.pl\/wp-content\/uploads\/2023\/06\/Ewa-Lodziewska.jpeg\" alt=\"\" class=\"wp-image-2222\" style=\"width:234px;height:auto\" srcset=\"https:\/\/solidarnosc-delpharm.pl\/wp-content\/uploads\/2023\/06\/Ewa-Lodziewska.jpeg 375w, https:\/\/solidarnosc-delpharm.pl\/wp-content\/uploads\/2023\/06\/Ewa-Lodziewska-169x300.jpeg 169w\" sizes=\"auto, (max-width: 375px) 100vw, 375px\" \/><\/figure>\n<\/div>\n\n\n\n<div class=\"wp-block-column is-layout-flow wp-block-column-is-layout-flow\">\n<p><strong>Ewa \u0141odziewska<\/strong><\/p>\n\n\n\n<p><strong>Wiceprzewodnicz\u0105ca<\/strong> Organizacji<br>Mi\u0119dzyzak\u0142adowej<\/p>\n\n\n\n<p>NSZZ Solidarno\u015b\u0107 Delpharm Pozna\u0144 S.A.<\/p>\n\n\n\n<p>Tel. +48&nbsp;504&nbsp;144&nbsp;553<\/p>\n\n\n\n<p>email: <a href=\"mailto:ewa.x.lodziewska@gsk.com\">ewa.x.lodziewska@gsk.com<\/a><\/p>\n<\/div>\n<\/div>\n\n\n\n<div class=\"wp-block-columns is-layout-flex wp-container-core-columns-is-layout-9d6595d7 wp-block-columns-is-layout-flex\">\n<div class=\"wp-block-column is-layout-flow wp-block-column-is-layout-flow\">\n<figure class=\"wp-block-image size-large is-resized\"><img loading=\"lazy\" decoding=\"async\" width=\"684\" height=\"1024\" src=\"https:\/\/solidarnosc-delpharm.pl\/wp-content\/uploads\/2023\/06\/Malwina-Drozdowska-684x1024.jpg\" alt=\"\" class=\"wp-image-2227\" style=\"width:240px;height:auto\" srcset=\"https:\/\/solidarnosc-delpharm.pl\/wp-content\/uploads\/2023\/06\/Malwina-Drozdowska-684x1024.jpg 684w, https:\/\/solidarnosc-delpharm.pl\/wp-content\/uploads\/2023\/06\/Malwina-Drozdowska-200x300.jpg 200w, https:\/\/solidarnosc-delpharm.pl\/wp-content\/uploads\/2023\/06\/Malwina-Drozdowska-768x1151.jpg 768w, https:\/\/solidarnosc-delpharm.pl\/wp-content\/uploads\/2023\/06\/Malwina-Drozdowska-1025x1536.jpg 1025w, https:\/\/solidarnosc-delpharm.pl\/wp-content\/uploads\/2023\/06\/Malwina-Drozdowska-1367x2048.jpg 1367w, https:\/\/solidarnosc-delpharm.pl\/wp-content\/uploads\/2023\/06\/Malwina-Drozdowska-scaled.jpg 1709w\" sizes=\"auto, (max-width: 684px) 100vw, 684px\" \/><\/figure>\n<\/div>\n\n\n\n<div class=\"wp-block-column is-layout-flow wp-block-column-is-layout-flow\">\n<p><strong>Malwina Drozdowska.<\/strong> <\/p>\n\n\n\n<p><strong>Sekretarz <\/strong>Organizacji Mi\u0119dzyzak\u0142adowej<\/p>\n\n\n\n<p>NSZZ Solidarno\u015b\u0107 Delpharm Pozna\u0144 S.A.<\/p>\n\n\n\n<p>Tel. +48&nbsp;609&nbsp;804&nbsp;425<\/p>\n\n\n\n<p>email: <a href=\"mailto:malwina.x.drozdowska@gsk.com\">malwina.x.drozdowska@gsk.com<\/a><\/p>\n<\/div>\n<\/div>\n\n\n\n<div class=\"wp-block-columns is-layout-flex wp-container-core-columns-is-layout-9d6595d7 wp-block-columns-is-layout-flex\">\n<div class=\"wp-block-column is-layout-flow wp-block-column-is-layout-flow\">\n<figure class=\"wp-block-image size-full\"><img loading=\"lazy\" decoding=\"async\" width=\"226\" height=\"240\" src=\"https:\/\/solidarnosc-delpharm.pl\/wp-content\/uploads\/2023\/06\/Tomasz-Szelangiewicz.png\" alt=\"\" class=\"wp-image-2231\"\/><\/figure>\n<\/div>\n\n\n\n<div class=\"wp-block-column is-layout-flow wp-block-column-is-layout-flow\">\n<p><strong>Tomasz Szelangiewicz<\/strong><\/p>\n\n\n\n<p><strong>Skarbnik <\/strong>Organizacji Mi\u0119dzyzak\u0142adowej<\/p>\n\n\n\n<p>NSZZ Solidarno\u015b\u0107 Delpharm Pozna\u0144 S.A.<\/p>\n\n\n\n<p>Tel. +48&nbsp;510&nbsp;005&nbsp;688<\/p>\n\n\n\n<p>email: <a href=\"mailto:tomasz.a.szelangiewicz@delpharm.com\">tomasz.a.szelangiewicz@delpharm.com<\/a><\/p>\n<\/div>\n<\/div>\n\n\n\n<div class=\"wp-block-columns is-layout-flex wp-container-core-columns-is-layout-9d6595d7 wp-block-columns-is-layout-flex\">\n<div class=\"wp-block-column is-layout-flow wp-block-column-is-layout-flow\">\n<figure class=\"wp-block-image size-full is-resized\"><img loading=\"lazy\" decoding=\"async\" width=\"1197\" height=\"1260\" src=\"https:\/\/solidarnosc-delpharm.pl\/wp-content\/uploads\/2024\/02\/Miroslaw-Konecki.jpg\" alt=\"\" class=\"wp-image-2338\" style=\"width:260px;height:auto\" srcset=\"https:\/\/solidarnosc-delpharm.pl\/wp-content\/uploads\/2024\/02\/Miroslaw-Konecki.jpg 1197w, https:\/\/solidarnosc-delpharm.pl\/wp-content\/uploads\/2024\/02\/Miroslaw-Konecki-285x300.jpg 285w, https:\/\/solidarnosc-delpharm.pl\/wp-content\/uploads\/2024\/02\/Miroslaw-Konecki-973x1024.jpg 973w, https:\/\/solidarnosc-delpharm.pl\/wp-content\/uploads\/2024\/02\/Miroslaw-Konecki-768x808.jpg 768w\" sizes=\"auto, (max-width: 1197px) 100vw, 1197px\" \/><\/figure>\n<\/div>\n\n\n\n<div class=\"wp-block-column is-layout-flow wp-block-column-is-layout-flow\">\n<p><strong>Miros\u0142aw Konecki<\/strong><\/p>\n\n\n\n<p><strong>Cz\u0142onek Prezydium <\/strong>Organizacji Mi\u0119dzyzak\u0142adowej<\/p>\n\n\n\n<p>NSZZ Solidarno\u015b\u0107 Delpharm Pozna\u0144 S.A.<\/p>\n\n\n\n<p>Tel. +48&nbsp;510&nbsp;005&nbsp;688<\/p>\n\n\n\n<p>email: <a href=\"mailto:miroslaw.x.konecki@delpharm.com\">miroslaw.x.konecki@delpharm.com<\/a><\/p>\n<\/div>\n<\/div>\n\n\n\n<h2 class=\"wp-block-heading\" style=\"font-size:50px\">Cz\u0142onkowie Komisji<\/h2>\n\n\n\n<div class=\"wp-block-columns is-layout-flex wp-container-core-columns-is-layout-9d6595d7 wp-block-columns-is-layout-flex\">\n<div class=\"wp-block-column is-layout-flow wp-block-column-is-layout-flow\">\n<figure class=\"wp-block-image size-full\"><img loading=\"lazy\" decoding=\"async\" width=\"158\" height=\"158\" src=\"https:\/\/solidarnosc-delpharm.pl\/wp-content\/uploads\/2024\/02\/generic-woman.png\" alt=\"\" class=\"wp-image-2324\" srcset=\"https:\/\/solidarnosc-delpharm.pl\/wp-content\/uploads\/2024\/02\/generic-woman.png 158w, https:\/\/solidarnosc-delpharm.pl\/wp-content\/uploads\/2024\/02\/generic-woman-150x150.png 150w\" sizes=\"auto, (max-width: 158px) 100vw, 158px\" \/><\/figure>\n<\/div>\n\n\n\n<div class=\"wp-block-column is-layout-flow wp-block-column-is-layout-flow\">\n<p><strong>Anna Kaltsas<\/strong><\/p>\n\n\n\n<p>Ko\u0142o Kontrola Jako\u015bci<\/p>\n<\/div>\n<\/div>\n\n\n\n<div class=\"wp-block-columns is-layout-flex wp-container-core-columns-is-layout-9d6595d7 wp-block-columns-is-layout-flex\">\n<div class=\"wp-block-column is-layout-flow wp-block-column-is-layout-flow\">\n<figure class=\"wp-block-image size-full\"><img loading=\"lazy\" decoding=\"async\" width=\"158\" height=\"158\" src=\"https:\/\/solidarnosc-delpharm.pl\/wp-content\/uploads\/2024\/02\/generic-woman.png\" alt=\"\" class=\"wp-image-2324\" srcset=\"https:\/\/solidarnosc-delpharm.pl\/wp-content\/uploads\/2024\/02\/generic-woman.png 158w, https:\/\/solidarnosc-delpharm.pl\/wp-content\/uploads\/2024\/02\/generic-woman-150x150.png 150w\" sizes=\"auto, (max-width: 158px) 100vw, 158px\" \/><\/figure>\n<\/div>\n\n\n\n<div class=\"wp-block-column is-layout-flow wp-block-column-is-layout-flow\">\n<p><strong>Magdalena Czekalska <\/strong><\/p>\n\n\n\n<p>Ko\u0142o Kapsu\u0142ki<\/p>\n<\/div>\n<\/div>\n\n\n\n<div class=\"wp-block-columns is-layout-flex wp-container-core-columns-is-layout-9d6595d7 wp-block-columns-is-layout-flex\">\n<div class=\"wp-block-column is-layout-flow wp-block-column-is-layout-flow\">\n<figure class=\"wp-block-image size-large is-resized\"><img loading=\"lazy\" decoding=\"async\" width=\"793\" height=\"1024\" src=\"https:\/\/solidarnosc-delpharm.pl\/wp-content\/uploads\/2023\/06\/Katarzyna-Walkowiak-793x1024.jpeg\" alt=\"\" class=\"wp-image-2226\" style=\"width:237px;height:auto\" srcset=\"https:\/\/solidarnosc-delpharm.pl\/wp-content\/uploads\/2023\/06\/Katarzyna-Walkowiak-793x1024.jpeg 793w, https:\/\/solidarnosc-delpharm.pl\/wp-content\/uploads\/2023\/06\/Katarzyna-Walkowiak-232x300.jpeg 232w, https:\/\/solidarnosc-delpharm.pl\/wp-content\/uploads\/2023\/06\/Katarzyna-Walkowiak-768x991.jpeg 768w, https:\/\/solidarnosc-delpharm.pl\/wp-content\/uploads\/2023\/06\/Katarzyna-Walkowiak.jpeg 1080w\" sizes=\"auto, (max-width: 793px) 100vw, 793px\" \/><\/figure>\n<\/div>\n\n\n\n<div class=\"wp-block-column is-layout-flow wp-block-column-is-layout-flow\">\n<p><strong>Katarzyna Walkowiak<\/strong><\/p>\n\n\n\n<p>Ko\u0142o Logistyka<\/p>\n<\/div>\n<\/div>\n\n\n\n<div class=\"wp-block-columns is-layout-flex wp-container-core-columns-is-layout-9d6595d7 wp-block-columns-is-layout-flex\">\n<div class=\"wp-block-column is-layout-flow wp-block-column-is-layout-flow\">\n<figure class=\"wp-block-image size-large is-resized\"><img loading=\"lazy\" decoding=\"async\" width=\"768\" height=\"1024\" src=\"https:\/\/solidarnosc-delpharm.pl\/wp-content\/uploads\/2023\/06\/Malgorzata-Ratajczak-768x1024.jpg\" alt=\"\" class=\"wp-image-2229\" style=\"width:231px;height:auto\" srcset=\"https:\/\/solidarnosc-delpharm.pl\/wp-content\/uploads\/2023\/06\/Malgorzata-Ratajczak-768x1024.jpg 768w, https:\/\/solidarnosc-delpharm.pl\/wp-content\/uploads\/2023\/06\/Malgorzata-Ratajczak-225x300.jpg 225w, https:\/\/solidarnosc-delpharm.pl\/wp-content\/uploads\/2023\/06\/Malgorzata-Ratajczak-1152x1536.jpg 1152w, https:\/\/solidarnosc-delpharm.pl\/wp-content\/uploads\/2023\/06\/Malgorzata-Ratajczak-1536x2048.jpg 1536w, https:\/\/solidarnosc-delpharm.pl\/wp-content\/uploads\/2023\/06\/Malgorzata-Ratajczak-scaled.jpg 1920w\" sizes=\"auto, (max-width: 768px) 100vw, 768px\" \/><\/figure>\n<\/div>\n\n\n\n<div class=\"wp-block-column is-layout-flow wp-block-column-is-layout-flow\">\n<p><strong>Ma\u0142gorzata Ratajczak<\/strong><\/p>\n\n\n\n<p>Ko\u0142o PS-Konfekcja<\/p>\n<\/div>\n<\/div>\n\n\n\n<div class=\"wp-block-columns is-layout-flex wp-container-core-columns-is-layout-9d6595d7 wp-block-columns-is-layout-flex\">\n<div class=\"wp-block-column is-layout-flow wp-block-column-is-layout-flow\">\n<figure class=\"wp-block-image size-full\"><img loading=\"lazy\" decoding=\"async\" width=\"158\" height=\"158\" src=\"https:\/\/solidarnosc-delpharm.pl\/wp-content\/uploads\/2024\/02\/generic-woman.png\" alt=\"\" class=\"wp-image-2324\" srcset=\"https:\/\/solidarnosc-delpharm.pl\/wp-content\/uploads\/2024\/02\/generic-woman.png 158w, https:\/\/solidarnosc-delpharm.pl\/wp-content\/uploads\/2024\/02\/generic-woman-150x150.png 150w\" sizes=\"auto, (max-width: 158px) 100vw, 158px\" \/><\/figure>\n<\/div>\n\n\n\n<div class=\"wp-block-column is-layout-flow wp-block-column-is-layout-flow\">\n<p><strong>Katarzyna Sobiesiak<\/strong><\/p>\n\n\n\n<p>Ko\u0142o PS-P\u00f3\u0142produkt<\/p>\n<\/div>\n<\/div>\n\n\n\n<div class=\"wp-block-columns is-layout-flex wp-container-core-columns-is-layout-9d6595d7 wp-block-columns-is-layout-flex\">\n<div class=\"wp-block-column is-layout-flow wp-block-column-is-layout-flow\">\n<figure class=\"wp-block-image size-large is-resized\"><img loading=\"lazy\" decoding=\"async\" width=\"1014\" height=\"1024\" src=\"https:\/\/solidarnosc-delpharm.pl\/wp-content\/uploads\/2023\/06\/Malgorzata-Mrugowska-1014x1024.jpg\" alt=\"\" class=\"wp-image-2228\" style=\"width:228px;height:auto\" srcset=\"https:\/\/solidarnosc-delpharm.pl\/wp-content\/uploads\/2023\/06\/Malgorzata-Mrugowska-1014x1024.jpg 1014w, https:\/\/solidarnosc-delpharm.pl\/wp-content\/uploads\/2023\/06\/Malgorzata-Mrugowska-297x300.jpg 297w, https:\/\/solidarnosc-delpharm.pl\/wp-content\/uploads\/2023\/06\/Malgorzata-Mrugowska-150x150.jpg 150w, https:\/\/solidarnosc-delpharm.pl\/wp-content\/uploads\/2023\/06\/Malgorzata-Mrugowska-768x776.jpg 768w, https:\/\/solidarnosc-delpharm.pl\/wp-content\/uploads\/2023\/06\/Malgorzata-Mrugowska.jpg 1124w\" sizes=\"auto, (max-width: 1014px) 100vw, 1014px\" \/><\/figure>\n<\/div>\n\n\n\n<div class=\"wp-block-column is-layout-flow wp-block-column-is-layout-flow\">\n<p><strong>Ma\u0142gorzata Mrugowska<\/strong><\/p>\n\n\n\n<p>Ko\u0142o Haleon<\/p>\n<\/div>\n<\/div>\n\n\n\n<div class=\"wp-block-columns is-layout-flex wp-container-core-columns-is-layout-9d6595d7 wp-block-columns-is-layout-flex\">\n<div class=\"wp-block-column is-layout-flow wp-block-column-is-layout-flow\">\n<figure class=\"wp-block-image size-large is-resized\"><img loading=\"lazy\" decoding=\"async\" width=\"938\" height=\"1024\" src=\"https:\/\/solidarnosc-delpharm.pl\/wp-content\/uploads\/2023\/06\/Tomasz-Kosecki-938x1024.jpeg\" alt=\"\" class=\"wp-image-2230\" style=\"width:226px;height:auto\" srcset=\"https:\/\/solidarnosc-delpharm.pl\/wp-content\/uploads\/2023\/06\/Tomasz-Kosecki-938x1024.jpeg 938w, https:\/\/solidarnosc-delpharm.pl\/wp-content\/uploads\/2023\/06\/Tomasz-Kosecki-275x300.jpeg 275w, https:\/\/solidarnosc-delpharm.pl\/wp-content\/uploads\/2023\/06\/Tomasz-Kosecki-768x838.jpeg 768w, https:\/\/solidarnosc-delpharm.pl\/wp-content\/uploads\/2023\/06\/Tomasz-Kosecki-1407x1536.jpeg 1407w, https:\/\/solidarnosc-delpharm.pl\/wp-content\/uploads\/2023\/06\/Tomasz-Kosecki-1876x2048.jpeg 1876w\" sizes=\"auto, (max-width: 938px) 100vw, 938px\" \/><\/figure>\n<\/div>\n\n\n\n<div class=\"wp-block-column is-layout-flow wp-block-column-is-layout-flow\">\n<p><strong>Tomasz Kosecki<\/strong><\/p>\n\n\n\n<p>Ko\u0142o GSK Commercial <\/p>\n<\/div>\n<\/div>\n\n\n\n<div class=\"wp-block-columns is-layout-flex wp-container-core-columns-is-layout-9d6595d7 wp-block-columns-is-layout-flex\">\n<div class=\"wp-block-column is-layout-flow wp-block-column-is-layout-flow\">\n<figure class=\"wp-block-image size-full is-resized\"><img loading=\"lazy\" decoding=\"async\" width=\"603\" height=\"954\" src=\"https:\/\/solidarnosc-delpharm.pl\/wp-content\/uploads\/2023\/06\/Janusz-Alba.jpg\" alt=\"\" class=\"wp-image-2224\" style=\"width:231px;height:auto\" srcset=\"https:\/\/solidarnosc-delpharm.pl\/wp-content\/uploads\/2023\/06\/Janusz-Alba.jpg 603w, https:\/\/solidarnosc-delpharm.pl\/wp-content\/uploads\/2023\/06\/Janusz-Alba-190x300.jpg 190w\" sizes=\"auto, (max-width: 603px) 100vw, 603px\" \/><\/figure>\n<\/div>\n\n\n\n<div class=\"wp-block-column is-layout-flow wp-block-column-is-layout-flow\">\n<p><strong>Janusz Alba<\/strong><\/p>\n\n\n\n<p>Ko\u0142o GSK Services<\/p>\n<\/div>\n<\/div>\n\n\n\n<div class=\"wp-block-columns is-layout-flex wp-container-core-columns-is-layout-9d6595d7 wp-block-columns-is-layout-flex\">\n<div class=\"wp-block-column is-layout-flow wp-block-column-is-layout-flow\">\n<figure class=\"wp-block-image size-full\"><img loading=\"lazy\" decoding=\"async\" width=\"175\" height=\"220\" src=\"https:\/\/solidarnosc-delpharm.pl\/wp-content\/uploads\/2015\/03\/W\u0142odzimierz-Sopel.png\" alt=\"\" class=\"wp-image-1149\"\/><\/figure>\n<\/div>\n\n\n\n<div class=\"wp-block-column is-layout-flow wp-block-column-is-layout-flow\">\n<p><strong>W\u0142odzimierz Sopel<\/strong><\/p>\n\n\n\n<p>Ko\u0142o Obs\u0142uga Techniczna<\/p>\n<\/div>\n<\/div>\n\n\n\n<div class=\"wp-block-columns is-layout-flex wp-container-core-columns-is-layout-9d6595d7 wp-block-columns-is-layout-flex\">\n<div class=\"wp-block-column is-layout-flow wp-block-column-is-layout-flow\">\n<figure class=\"wp-block-image size-large is-resized\"><img loading=\"lazy\" decoding=\"async\" width=\"712\" height=\"1024\" src=\"https:\/\/solidarnosc-delpharm.pl\/wp-content\/uploads\/2023\/06\/Katarzyna-Fila-Turkiewicz-712x1024.jpg\" alt=\"\" class=\"wp-image-2225\" style=\"width:198px;height:auto\" srcset=\"https:\/\/solidarnosc-delpharm.pl\/wp-content\/uploads\/2023\/06\/Katarzyna-Fila-Turkiewicz-712x1024.jpg 712w, https:\/\/solidarnosc-delpharm.pl\/wp-content\/uploads\/2023\/06\/Katarzyna-Fila-Turkiewicz-209x300.jpg 209w, https:\/\/solidarnosc-delpharm.pl\/wp-content\/uploads\/2023\/06\/Katarzyna-Fila-Turkiewicz-768x1104.jpg 768w, https:\/\/solidarnosc-delpharm.pl\/wp-content\/uploads\/2023\/06\/Katarzyna-Fila-Turkiewicz-1068x1536.jpg 1068w, https:\/\/solidarnosc-delpharm.pl\/wp-content\/uploads\/2023\/06\/Katarzyna-Fila-Turkiewicz-1425x2048.jpg 1425w, https:\/\/solidarnosc-delpharm.pl\/wp-content\/uploads\/2023\/06\/Katarzyna-Fila-Turkiewicz-scaled.jpg 1781w\" sizes=\"auto, (max-width: 712px) 100vw, 712px\" \/><\/figure>\n<\/div>\n\n\n\n<div class=\"wp-block-column is-layout-flow wp-block-column-is-layout-flow\">\n<p><strong>Katarzyna Fila-Turkiewicz<\/strong><\/p>\n\n\n\n<p>Ko\u0142o Novartis Poland<\/p>\n<\/div>\n<\/div>\n\n\n\n<div class=\"wp-block-columns is-layout-flex wp-container-core-columns-is-layout-9d6595d7 wp-block-columns-is-layout-flex\">\n<div class=\"wp-block-column is-layout-flow wp-block-column-is-layout-flow\">\n<figure class=\"wp-block-image size-full\"><img loading=\"lazy\" decoding=\"async\" width=\"158\" height=\"158\" src=\"https:\/\/solidarnosc-delpharm.pl\/wp-content\/uploads\/2024\/02\/generic-woman.png\" alt=\"\" class=\"wp-image-2324\" srcset=\"https:\/\/solidarnosc-delpharm.pl\/wp-content\/uploads\/2024\/02\/generic-woman.png 158w, https:\/\/solidarnosc-delpharm.pl\/wp-content\/uploads\/2024\/02\/generic-woman-150x150.png 150w\" sizes=\"auto, (max-width: 158px) 100vw, 158px\" \/><\/figure>\n<\/div>\n\n\n\n<div class=\"wp-block-column is-layout-flow wp-block-column-is-layout-flow\">\n<p><strong>Katarzyna Dokrzewska<\/strong><\/p>\n\n\n\n<p>Ko\u0142o Logistyka<\/p>\n<\/div>\n<\/div>\n\n\n\n<div class=\"wp-block-columns is-layout-flex wp-container-core-columns-is-layout-9d6595d7 wp-block-columns-is-layout-flex\">\n<div class=\"wp-block-column is-layout-flow wp-block-column-is-layout-flow\">\n<figure class=\"wp-block-image size-full\"><img loading=\"lazy\" decoding=\"async\" width=\"158\" height=\"158\" src=\"https:\/\/solidarnosc-delpharm.pl\/wp-content\/uploads\/2024\/02\/generic-woman.png\" alt=\"\" class=\"wp-image-2324\" srcset=\"https:\/\/solidarnosc-delpharm.pl\/wp-content\/uploads\/2024\/02\/generic-woman.png 158w, https:\/\/solidarnosc-delpharm.pl\/wp-content\/uploads\/2024\/02\/generic-woman-150x150.png 150w\" sizes=\"auto, (max-width: 158px) 100vw, 158px\" \/><\/figure>\n<\/div>\n\n\n\n<div class=\"wp-block-column is-layout-flow wp-block-column-is-layout-flow\">\n<p><strong>Maria \u0141awniczak<\/strong><\/p>\n\n\n\n<p>Ko\u0142o emeryt\u00f3w<\/p>\n<\/div>\n<\/div>\n\n\n\n<h2 class=\"wp-block-heading\" style=\"font-size:50px\">Komisja Rewizyjna<\/h2>\n\n\n\n<div class=\"wp-block-columns is-layout-flex wp-container-core-columns-is-layout-9d6595d7 wp-block-columns-is-layout-flex\">\n<div class=\"wp-block-column is-layout-flow wp-block-column-is-layout-flow\">\n<figure class=\"wp-block-image size-full\"><img loading=\"lazy\" decoding=\"async\" width=\"150\" height=\"150\" src=\"https:\/\/solidarnosc-delpharm.pl\/wp-content\/uploads\/2024\/02\/generic-man.png\" alt=\"\" class=\"wp-image-2322\"\/><\/figure>\n<\/div>\n\n\n\n<div class=\"wp-block-column is-layout-flow wp-block-column-is-layout-flow\">\n<p class=\"has-text-align-left\"><strong>Grzegorz Spinek<\/strong><\/p>\n\n\n\n<p class=\"has-text-align-left\">Przewodnicz\u0105cy Komisji<\/p>\n\n\n\n<p class=\"has-text-align-left\">Ko\u0142o GSK Commercial.<\/p>\n<\/div>\n<\/div>\n\n\n\n<div class=\"wp-block-columns is-layout-flex wp-container-core-columns-is-layout-9d6595d7 wp-block-columns-is-layout-flex\">\n<div class=\"wp-block-column is-layout-flow wp-block-column-is-layout-flow\">\n<figure class=\"wp-block-image size-full\"><img loading=\"lazy\" decoding=\"async\" width=\"150\" height=\"150\" src=\"https:\/\/solidarnosc-delpharm.pl\/wp-content\/uploads\/2024\/02\/generic-man.png\" alt=\"\" class=\"wp-image-2322\"\/><\/figure>\n<\/div>\n\n\n\n<div class=\"wp-block-column is-layout-flow wp-block-column-is-layout-flow\">\n<p><strong>Przemys\u0142aw Szczepa\u0144ski<\/strong><br>Zast\u0119pca przewodnicz\u0105cego <br>Ko\u0142o Haleon<\/p>\n<\/div>\n<\/div>\n\n\n\n<div class=\"wp-block-columns is-layout-flex wp-container-core-columns-is-layout-9d6595d7 wp-block-columns-is-layout-flex\">\n<div class=\"wp-block-column is-layout-flow wp-block-column-is-layout-flow\">\n<figure class=\"wp-block-image size-full\"><img loading=\"lazy\" decoding=\"async\" width=\"158\" height=\"158\" src=\"https:\/\/solidarnosc-delpharm.pl\/wp-content\/uploads\/2024\/02\/generic-woman.png\" alt=\"\" class=\"wp-image-2324\" srcset=\"https:\/\/solidarnosc-delpharm.pl\/wp-content\/uploads\/2024\/02\/generic-woman.png 158w, https:\/\/solidarnosc-delpharm.pl\/wp-content\/uploads\/2024\/02\/generic-woman-150x150.png 150w\" sizes=\"auto, (max-width: 158px) 100vw, 158px\" \/><\/figure>\n<\/div>\n\n\n\n<div class=\"wp-block-column is-layout-flow wp-block-column-is-layout-flow\">\n<p><strong>Anna Fiebig<\/strong><\/p>\n\n\n\n<p>Ko\u0142o emeryt\u00f3w<\/p>\n<\/div>\n<\/div>\n\n\n\n<div class=\"wp-block-columns is-layout-flex wp-container-core-columns-is-layout-9d6595d7 wp-block-columns-is-layout-flex\">\n<div class=\"wp-block-column is-layout-flow wp-block-column-is-layout-flow\">\n<figure class=\"wp-block-image size-full\"><img loading=\"lazy\" decoding=\"async\" width=\"150\" height=\"150\" src=\"https:\/\/solidarnosc-delpharm.pl\/wp-content\/uploads\/2024\/02\/generic-man.png\" alt=\"\" class=\"wp-image-2322\"\/><\/figure>\n<\/div>\n\n\n\n<div class=\"wp-block-column is-layout-flow wp-block-column-is-layout-flow\">\n<p><strong>Jacek Adamski<\/strong> <\/p>\n\n\n\n<p>Ko\u0142o PS &#8211; P\u00f3\u0142produkt<\/p>\n<\/div>\n<\/div>\n\n\n\n<div class=\"wp-block-columns is-layout-flex wp-container-core-columns-is-layout-9d6595d7 wp-block-columns-is-layout-flex\">\n<div class=\"wp-block-column is-layout-flow wp-block-column-is-layout-flow\">\n<figure class=\"wp-block-image size-full\"><img loading=\"lazy\" decoding=\"async\" width=\"158\" height=\"158\" src=\"https:\/\/solidarnosc-delpharm.pl\/wp-content\/uploads\/2024\/02\/generic-woman.png\" alt=\"\" class=\"wp-image-2324\" srcset=\"https:\/\/solidarnosc-delpharm.pl\/wp-content\/uploads\/2024\/02\/generic-woman.png 158w, https:\/\/solidarnosc-delpharm.pl\/wp-content\/uploads\/2024\/02\/generic-woman-150x150.png 150w\" sizes=\"auto, (max-width: 158px) 100vw, 158px\" \/><\/figure>\n<\/div>\n\n\n\n<div class=\"wp-block-column is-layout-flow wp-block-column-is-layout-flow\">\n<p><strong>Katarzyna Bartoszewicz<\/strong><\/p>\n\n\n\n<p>Ko\u0142o GSK Commercial<\/p>\n<\/div>\n<\/div>\n","protected":false},"excerpt":{"rendered":"<p>Przewodnicz\u0105cy Hieronim Marut Przewodnicz\u0105cy OM NSZZ Solidarno\u015b\u0107 Delpharm Pozna\u0144 S.A. Chairman of the Federal Inter-Enterprise NSZZ Solidarno\u015b\u0107 Delpharm Pozna\u0144 S.A. Tel. +48&nbsp;510&nbsp;005&nbsp;928 email: hieronim.h.marut@delpharm.com Prezydium Ewa \u0141odziewska Wiceprzewodnicz\u0105ca OrganizacjiMi\u0119dzyzak\u0142adowej NSZZ Solidarno\u015b\u0107 Delpharm Pozna\u0144 S.A. Tel. +48&nbsp;504&nbsp;144&nbsp;553 email: ewa.x.lodziewska@gsk.com Malwina Drozdowska. &hellip; <a href=\"https:\/\/solidarnosc-delpharm.pl\/?page_id=1146\">Czytaj dalej <span class=\"meta-nav\">&rarr;<\/span><\/a><\/p>\n","protected":false},"author":1,"featured_media":0,"parent":0,"menu_order":0,"comment_status":"closed","ping_status":"closed","template":"","meta":{"footnotes":""},"class_list":["post-1146","page","type-page","status-publish","hentry"],"_links":{"self":[{"href":"https:\/\/solidarnosc-delpharm.pl\/index.php?rest_route=\/wp\/v2\/pages\/1146","targetHints":{"allow":["GET"]}}],"collection":[{"href":"https:\/\/solidarnosc-delpharm.pl\/index.php?rest_route=\/wp\/v2\/pages"}],"about":[{"href":"https:\/\/solidarnosc-delpharm.pl\/index.php?rest_route=\/wp\/v2\/types\/page"}],"author":[{"embeddable":true,"href":"https:\/\/solidarnosc-delpharm.pl\/index.php?rest_route=\/wp\/v2\/users\/1"}],"replies":[{"embeddable":true,"href":"https:\/\/solidarnosc-delpharm.pl\/index.php?rest_route=%2Fwp%2Fv2%2Fcomments&post=1146"}],"version-history":[{"count":13,"href":"https:\/\/solidarnosc-delpharm.pl\/index.php?rest_route=\/wp\/v2\/pages\/1146\/revisions"}],"predecessor-version":[{"id":2339,"href":"https:\/\/solidarnosc-delpharm.pl\/index.php?rest_route=\/wp\/v2\/pages\/1146\/revisions\/2339"}],"wp:attachment":[{"href":"https:\/\/solidarnosc-delpharm.pl\/index.php?rest_route=%2Fwp%2Fv2%2Fmedia&parent=1146"}],"curies":[{"name":"wp","href":"https:\/\/api.w.org\/{rel}","templated":true}]}}